{"id":4362,"date":"2020-08-14T16:08:57","date_gmt":"2020-08-14T14:08:57","guid":{"rendered":"https:\/\/shop.growcube.sk\/produkt\/erbse-sweet-horizon\/"},"modified":"2022-07-15T14:08:21","modified_gmt":"2022-07-15T12:08:21","slug":"erbse-sweet-horizon","status":"publish","type":"product","link":"https:\/\/shop.growcube.sk\/de\/produkt\/erbse-sweet-horizon\/","title":{"rendered":"Erbse Sweet Horizon"},"content":{"rendered":"<p>Mittelsp\u00e4te Sorte mit hohem Ertragspotential und kr\u00e4ftigem, gesundem Wuchs. Dunkelgr\u00fcne, fadenlose Zuckerschote. Schotengr\u00f6\u00dfe: 9-10 cm lang und 22 mm breit. Resistent gegen Brennfleckenkrankheit und Mehltau. Paketgewicht 29 g.<\/p>\n","protected":false},"excerpt":{"rendered":"<p>Mittelsp\u00e4te Sorte mit hohem Ertragspotential und kr\u00e4ftigem, gesundem Wuchs. Dunkelgr\u00fcne, fadenlose Zuckerschote. Schotengr\u00f6\u00dfe: 9-10 cm lang und 22 mm breit. Resistent gegen Brennfleckenkrankheit und Mehltau.<\/p>\n","protected":false},"featured_media":4363,"template":"","meta":{"inline_featured_image":false},"product_cat":[312,408],"product_tag":[310],"_links":{"self":[{"href":"https:\/\/shop.growcube.sk\/de\/wp-json\/wp\/v2\/product\/4362"}],"collection":[{"href":"https:\/\/shop.growcube.sk\/de\/wp-json\/wp\/v2\/product"}],"about":[{"href":"https:\/\/shop.growcube.sk\/de\/wp-json\/wp\/v2\/types\/product"}],"version-history":[{"count":1,"href":"https:\/\/shop.growcube.sk\/de\/wp-json\/wp\/v2\/product\/4362\/revisions"}],"predecessor-version":[{"id":4364,"href":"https:\/\/shop.growcube.sk\/de\/wp-json\/wp\/v2\/product\/4362\/revisions\/4364"}],"wp:featuredmedia":[{"embeddable":true,"href":"https:\/\/shop.growcube.sk\/de\/wp-json\/wp\/v2\/media\/4363"}],"wp:attachment":[{"href":"https:\/\/shop.growcube.sk\/de\/wp-json\/wp\/v2\/media?parent=4362"}],"wp:term":[{"taxonomy":"product_cat","embeddable":true,"href":"https:\/\/shop.growcube.sk\/de\/wp-json\/wp\/v2\/product_cat?post=4362"},{"taxonomy":"product_tag","embeddable":true,"href":"https:\/\/shop.growcube.sk\/de\/wp-json\/wp\/v2\/product_tag?post=4362"}],"curies":[{"name":"wp","href":"https:\/\/api.w.org\/{rel}","templated":true}]}}