{"id":4357,"date":"2020-08-14T16:08:29","date_gmt":"2020-08-14T14:08:29","guid":{"rendered":"https:\/\/shop.growcube.sk\/produkt\/bohne-dalmatin\/"},"modified":"2022-07-15T14:04:06","modified_gmt":"2022-07-15T12:04:06","slug":"bohne-dalmatin","status":"publish","type":"product","link":"https:\/\/shop.growcube.sk\/de\/produkt\/bohne-dalmatin\/","title":{"rendered":"Bohne Dalmatin"},"content":{"rendered":"<p>Buschbohnen. Schwarz-wei\u00dfe, ovale, mittelgro\u00dfe Bohnen. Fr\u00fch bis mittelfr\u00fche Reifezeit. Die produktiven buschigen Pflanzen tragen flache, mittellange H\u00fclsen. Ausgezeichnete Kocheigenschaften. <span class=\"Y2IQFc\" lang=\"de\">Packungsinhalt 45 g.<\/span><\/p>\n","protected":false},"excerpt":{"rendered":"<p>Buschbohnen. Schwarz-wei\u00dfe, ovale, mittelgro\u00dfe Bohnen. Fr\u00fch bis mittelfr\u00fche Reifezeit. Die produktiven buschigen Pflanzen tragen flache, mittellange H\u00fclsen. Ausgezeichnete Kocheigenschaften.<\/p>\n","protected":false},"featured_media":4358,"template":"","meta":{"inline_featured_image":false},"product_cat":[311,408],"product_tag":[310],"_links":{"self":[{"href":"https:\/\/shop.growcube.sk\/de\/wp-json\/wp\/v2\/product\/4357"}],"collection":[{"href":"https:\/\/shop.growcube.sk\/de\/wp-json\/wp\/v2\/product"}],"about":[{"href":"https:\/\/shop.growcube.sk\/de\/wp-json\/wp\/v2\/types\/product"}],"version-history":[{"count":1,"href":"https:\/\/shop.growcube.sk\/de\/wp-json\/wp\/v2\/product\/4357\/revisions"}],"predecessor-version":[{"id":4359,"href":"https:\/\/shop.growcube.sk\/de\/wp-json\/wp\/v2\/product\/4357\/revisions\/4359"}],"wp:featuredmedia":[{"embeddable":true,"href":"https:\/\/shop.growcube.sk\/de\/wp-json\/wp\/v2\/media\/4358"}],"wp:attachment":[{"href":"https:\/\/shop.growcube.sk\/de\/wp-json\/wp\/v2\/media?parent=4357"}],"wp:term":[{"taxonomy":"product_cat","embeddable":true,"href":"https:\/\/shop.growcube.sk\/de\/wp-json\/wp\/v2\/product_cat?post=4357"},{"taxonomy":"product_tag","embeddable":true,"href":"https:\/\/shop.growcube.sk\/de\/wp-json\/wp\/v2\/product_tag?post=4357"}],"curies":[{"name":"wp","href":"https:\/\/api.w.org\/{rel}","templated":true}]}}