{"id":4355,"date":"2020-08-14T16:08:29","date_gmt":"2020-08-14T14:08:29","guid":{"rendered":"https:\/\/shop.growcube.sk\/produkt\/bohne-tomacevski\/"},"modified":"2020-08-14T16:08:29","modified_gmt":"2020-08-14T14:08:29","slug":"bohne-tomacevski","status":"publish","type":"product","link":"https:\/\/shop.growcube.sk\/de\/produkt\/bohne-tomacevski\/","title":{"rendered":"Bohne Tomacevski"},"content":{"rendered":"<p>Ertragreiche Buschbohne slowenischer Herkunft mit flachen H\u00fclsen und mittelgro\u00dfem beige-schwarz marmoriertem Korn. Sowohl die jungen fadenlosen H\u00fclsen als auch die Kerne finden in klassischen Bohnengerichten Verwendung. Paketgewicht 46 g.<\/p>\n","protected":false},"excerpt":{"rendered":"<p>Ertragreiche Buschbohne slowenischer Herkunft mit flachen H\u00fclsen und mittelgro\u00dfem beige-schwarz marmoriertem Korn. Sowohl die jungen fadenlosen H\u00fclsen als auch die Kerne finden in klassischen Bohnengerichten Verwendung.<\/p>\n","protected":false},"featured_media":4356,"template":"","meta":{"inline_featured_image":false},"product_cat":[311,408],"product_tag":[310],"_links":{"self":[{"href":"https:\/\/shop.growcube.sk\/de\/wp-json\/wp\/v2\/product\/4355"}],"collection":[{"href":"https:\/\/shop.growcube.sk\/de\/wp-json\/wp\/v2\/product"}],"about":[{"href":"https:\/\/shop.growcube.sk\/de\/wp-json\/wp\/v2\/types\/product"}],"version-history":[{"count":0,"href":"https:\/\/shop.growcube.sk\/de\/wp-json\/wp\/v2\/product\/4355\/revisions"}],"wp:featuredmedia":[{"embeddable":true,"href":"https:\/\/shop.growcube.sk\/de\/wp-json\/wp\/v2\/media\/4356"}],"wp:attachment":[{"href":"https:\/\/shop.growcube.sk\/de\/wp-json\/wp\/v2\/media?parent=4355"}],"wp:term":[{"taxonomy":"product_cat","embeddable":true,"href":"https:\/\/shop.growcube.sk\/de\/wp-json\/wp\/v2\/product_cat?post=4355"},{"taxonomy":"product_tag","embeddable":true,"href":"https:\/\/shop.growcube.sk\/de\/wp-json\/wp\/v2\/product_tag?post=4355"}],"curies":[{"name":"wp","href":"https:\/\/api.w.org\/{rel}","templated":true}]}}