{"id":4352,"date":"2020-08-14T16:08:29","date_gmt":"2020-08-14T14:08:29","guid":{"rendered":"https:\/\/shop.growcube.sk\/produkt\/bohne-helios\/"},"modified":"2022-07-15T13:59:32","modified_gmt":"2022-07-15T11:59:32","slug":"bohne-helios","status":"publish","type":"product","link":"https:\/\/shop.growcube.sk\/de\/produkt\/bohne-helios\/","title":{"rendered":"Bohne Helios"},"content":{"rendered":"<p>Sehr w\u00fcchsige und robuste gelbe Buschbohne mit mittellangen bis langen (16-18 cm), hellgelben, runden, leicht gekr\u00fcmmten H\u00fclsen. Fr\u00fch und sehr ertragreich. Sehr guter Geschmack. Paketgewicht 36 g.<\/p>\n","protected":false},"excerpt":{"rendered":"<p>Sehr w\u00fcchsige und robuste gelbe Buschbohne mit mittellangen bis langen (16-18 cm), hellgelben, runden, leicht gekr\u00fcmmten H\u00fclsen. Fr\u00fch und sehr ertragreich. Sehr guter Geschmack. <span class=\"Y2IQFc\" lang=\"de\">Packungsinhalt 30 g.<\/span><\/p>\n","protected":false},"featured_media":4353,"template":"","meta":{"inline_featured_image":false},"product_cat":[311,408],"product_tag":[310],"_links":{"self":[{"href":"https:\/\/shop.growcube.sk\/de\/wp-json\/wp\/v2\/product\/4352"}],"collection":[{"href":"https:\/\/shop.growcube.sk\/de\/wp-json\/wp\/v2\/product"}],"about":[{"href":"https:\/\/shop.growcube.sk\/de\/wp-json\/wp\/v2\/types\/product"}],"version-history":[{"count":1,"href":"https:\/\/shop.growcube.sk\/de\/wp-json\/wp\/v2\/product\/4352\/revisions"}],"predecessor-version":[{"id":4354,"href":"https:\/\/shop.growcube.sk\/de\/wp-json\/wp\/v2\/product\/4352\/revisions\/4354"}],"wp:featuredmedia":[{"embeddable":true,"href":"https:\/\/shop.growcube.sk\/de\/wp-json\/wp\/v2\/media\/4353"}],"wp:attachment":[{"href":"https:\/\/shop.growcube.sk\/de\/wp-json\/wp\/v2\/media?parent=4352"}],"wp:term":[{"taxonomy":"product_cat","embeddable":true,"href":"https:\/\/shop.growcube.sk\/de\/wp-json\/wp\/v2\/product_cat?post=4352"},{"taxonomy":"product_tag","embeddable":true,"href":"https:\/\/shop.growcube.sk\/de\/wp-json\/wp\/v2\/product_tag?post=4352"}],"curies":[{"name":"wp","href":"https:\/\/api.w.org\/{rel}","templated":true}]}}