{"id":4342,"date":"2020-08-14T16:09:04","date_gmt":"2020-08-14T14:09:04","guid":{"rendered":"https:\/\/shop.growcube.sk\/produkt\/tomate-ricca\/"},"modified":"2020-08-14T16:09:04","modified_gmt":"2020-08-14T14:09:04","slug":"tomate-ricca","status":"publish","type":"product","link":"https:\/\/shop.growcube.sk\/de\/produkt\/tomate-ricca\/","title":{"rendered":"Tomate  Ricca"},"content":{"rendered":"<p>Erwerbsg\u00e4rtnersorte. Mittelfr\u00fche Tomate, f\u00fcr den Anbau unter Glas und Folie. Runde, sehr feste, leuchtend rote Fr\u00fcchte, Gewicht 70-90g. Wegen ihrer langen Haltbarkeit auch f\u00fcr die Vermarktung als Trosstomate geeignet. Aromatisch guter Geschmack mit ausgewogenem Zucker\/S\u00e4urespiel. Nachgewiesene Resistenzen: Fusariumwelke (Fusarium oxysporum f sp lycopersici P0, P1), Tomatanmosaikvirus (Tobamovirus P0). Paketgewicht 5 g.<\/p>\n","protected":false},"excerpt":{"rendered":"<p>Erwerbsg\u00e4rtnersorte. Mittelfr\u00fche Tomate, f\u00fcr den Anbau unter Glas und Folie. Runde, sehr feste, leuchtend rote Fr\u00fcchte, Gewicht 70-90g. Wegen ihrer langen Haltbarkeit auch f\u00fcr die Vermarktung als Trosstomate geeignet. Aromatisch guter Geschmack mit ausgewogenem Zucker\/S\u00e4urespiel. Nachgewiesene Resistenzen: Fusariumwelke (Fusarium oxysporum f sp lycopersici P0, P1), Tomatanmosaikvirus (Tobamovirus P0).<\/p>\n","protected":false},"featured_media":4343,"template":"","meta":{"inline_featured_image":false},"product_cat":[408,335,334],"product_tag":[310],"_links":{"self":[{"href":"https:\/\/shop.growcube.sk\/de\/wp-json\/wp\/v2\/product\/4342"}],"collection":[{"href":"https:\/\/shop.growcube.sk\/de\/wp-json\/wp\/v2\/product"}],"about":[{"href":"https:\/\/shop.growcube.sk\/de\/wp-json\/wp\/v2\/types\/product"}],"version-history":[{"count":0,"href":"https:\/\/shop.growcube.sk\/de\/wp-json\/wp\/v2\/product\/4342\/revisions"}],"wp:featuredmedia":[{"embeddable":true,"href":"https:\/\/shop.growcube.sk\/de\/wp-json\/wp\/v2\/media\/4343"}],"wp:attachment":[{"href":"https:\/\/shop.growcube.sk\/de\/wp-json\/wp\/v2\/media?parent=4342"}],"wp:term":[{"taxonomy":"product_cat","embeddable":true,"href":"https:\/\/shop.growcube.sk\/de\/wp-json\/wp\/v2\/product_cat?post=4342"},{"taxonomy":"product_tag","embeddable":true,"href":"https:\/\/shop.growcube.sk\/de\/wp-json\/wp\/v2\/product_tag?post=4342"}],"curies":[{"name":"wp","href":"https:\/\/api.w.org\/{rel}","templated":true}]}}