{"id":4338,"date":"2020-08-14T16:09:18","date_gmt":"2020-08-14T14:09:18","guid":{"rendered":"https:\/\/shop.growcube.sk\/produkt\/aubergine-luiza\/"},"modified":"2022-07-15T13:38:41","modified_gmt":"2022-07-15T11:38:41","slug":"aubergine-luiza","status":"publish","type":"product","link":"https:\/\/shop.growcube.sk\/de\/produkt\/aubergine-luiza\/","title":{"rendered":"Aubergine Luiza"},"content":{"rendered":"<p>Mittelfr\u00fche Sorte mit dunkelvioletten, schwarz gl\u00e4nzenden halblangen Fr\u00fcchten. Fein aromatischer Geschmack, wenig Bitterstoffe und festes Fruchtfleisch. F\u00fcr gesch\u00fctzten Anbau, in warmen Lagen und auch Freiland. Paketgewicht 5 g.<\/p>\n","protected":false},"excerpt":{"rendered":"<p>Mittelfr\u00fche Sorte mit dunkelvioletten, schwarz gl\u00e4nzenden halblangen Fr\u00fcchten. Fein aromatischer Geschmack, wenig Bitterstoffe und festes Fruchtfleisch. F\u00fcr gesch\u00fctzten Anbau, in warmen Lagen und auch Freiland.<\/p>\n","protected":false},"featured_media":4339,"template":"","meta":{"inline_featured_image":false},"product_cat":[344,408],"product_tag":[310],"_links":{"self":[{"href":"https:\/\/shop.growcube.sk\/de\/wp-json\/wp\/v2\/product\/4338"}],"collection":[{"href":"https:\/\/shop.growcube.sk\/de\/wp-json\/wp\/v2\/product"}],"about":[{"href":"https:\/\/shop.growcube.sk\/de\/wp-json\/wp\/v2\/types\/product"}],"version-history":[{"count":1,"href":"https:\/\/shop.growcube.sk\/de\/wp-json\/wp\/v2\/product\/4338\/revisions"}],"predecessor-version":[{"id":4341,"href":"https:\/\/shop.growcube.sk\/de\/wp-json\/wp\/v2\/product\/4338\/revisions\/4341"}],"wp:featuredmedia":[{"embeddable":true,"href":"https:\/\/shop.growcube.sk\/de\/wp-json\/wp\/v2\/media\/4339"}],"wp:attachment":[{"href":"https:\/\/shop.growcube.sk\/de\/wp-json\/wp\/v2\/media?parent=4338"}],"wp:term":[{"taxonomy":"product_cat","embeddable":true,"href":"https:\/\/shop.growcube.sk\/de\/wp-json\/wp\/v2\/product_cat?post=4338"},{"taxonomy":"product_tag","embeddable":true,"href":"https:\/\/shop.growcube.sk\/de\/wp-json\/wp\/v2\/product_tag?post=4338"}],"curies":[{"name":"wp","href":"https:\/\/api.w.org\/{rel}","templated":true}]}}