{"id":4334,"date":"2020-08-14T16:09:04","date_gmt":"2020-08-14T14:09:04","guid":{"rendered":"https:\/\/shop.growcube.sk\/produkt\/tomate-donatellina\/"},"modified":"2022-07-15T13:34:49","modified_gmt":"2022-07-15T11:34:49","slug":"tomate-donatellina","status":"publish","type":"product","link":"https:\/\/shop.growcube.sk\/de\/produkt\/tomate-donatellina\/","title":{"rendered":"Tomate Donatellina"},"content":{"rendered":"<p>Cocktailtomate mit tiefroten, dattelf\u00f6rmigen, kleinen, platzfesten Fr\u00fcchten. Die festfleischigen Fr\u00fcchte haben ein ausgezeichnetes, kr\u00e4ftiges, s\u00fc\u00dffrisches Tomatenaroma und zeichnen sich durch lange Haltbarkeit aus. Fruchtgewicht ca. 15g. Nachgewiesene Resistenzen: Tomatenmosaikvirus (Tobamovirus PO). Paketgewicht 5 g.<\/p>\n","protected":false},"excerpt":{"rendered":"<p>Cocktailtomate mit tiefroten, dattelf\u00f6rmigen, kleinen, platzfesten Fr\u00fcchten. Die festfleischigen Fr\u00fcchte haben ein ausgezeichnetes, kr\u00e4ftiges, s\u00fc\u00dffrisches Tomatenaroma und zeichnen sich durch lange Haltbarkeit aus. Fruchtgewicht ca. 15g. Nachgewiesene Resistenzen: Tomatenmosaikvirus (Tobamovirus PO).<\/p>\n","protected":false},"featured_media":4335,"template":"","meta":{"inline_featured_image":false},"product_cat":[341,408,334],"product_tag":[310],"_links":{"self":[{"href":"https:\/\/shop.growcube.sk\/de\/wp-json\/wp\/v2\/product\/4334"}],"collection":[{"href":"https:\/\/shop.growcube.sk\/de\/wp-json\/wp\/v2\/product"}],"about":[{"href":"https:\/\/shop.growcube.sk\/de\/wp-json\/wp\/v2\/types\/product"}],"version-history":[{"count":1,"href":"https:\/\/shop.growcube.sk\/de\/wp-json\/wp\/v2\/product\/4334\/revisions"}],"predecessor-version":[{"id":4337,"href":"https:\/\/shop.growcube.sk\/de\/wp-json\/wp\/v2\/product\/4334\/revisions\/4337"}],"wp:featuredmedia":[{"embeddable":true,"href":"https:\/\/shop.growcube.sk\/de\/wp-json\/wp\/v2\/media\/4335"}],"wp:attachment":[{"href":"https:\/\/shop.growcube.sk\/de\/wp-json\/wp\/v2\/media?parent=4334"}],"wp:term":[{"taxonomy":"product_cat","embeddable":true,"href":"https:\/\/shop.growcube.sk\/de\/wp-json\/wp\/v2\/product_cat?post=4334"},{"taxonomy":"product_tag","embeddable":true,"href":"https:\/\/shop.growcube.sk\/de\/wp-json\/wp\/v2\/product_tag?post=4334"}],"curies":[{"name":"wp","href":"https:\/\/api.w.org\/{rel}","templated":true}]}}