{"id":4331,"date":"2020-08-14T16:09:17","date_gmt":"2020-08-14T14:09:17","guid":{"rendered":"https:\/\/shop.growcube.sk\/produkt\/wurzelpetersilie-halblange\/"},"modified":"2020-08-14T16:09:17","modified_gmt":"2020-08-14T14:09:17","slug":"wurzelpetersilie-halblange","status":"publish","type":"product","link":"https:\/\/shop.growcube.sk\/de\/produkt\/wurzelpetersilie-halblange\/","title":{"rendered":"Wurzelpetersilie Halblange"},"content":{"rendered":"<p>Bildet sch\u00f6ne kr\u00e4ftige, kegelf\u00f6rmige Wurzeln, die gut zum Einwintern geeignet sind. Die gr\u00fcnen Bl\u00e4tter sind verwendbar wie bei Blattpetersilie. Nach der Saat bis zum Auflaufen Erde st\u00e4ndig feucht halten. Vertr\u00e4gt keinen frischen organischen D\u00fcnger. Paketgewicht 7 g.<\/p>\n","protected":false},"excerpt":{"rendered":"<p>Bildet sch\u00f6ne kr\u00e4ftige, kegelf\u00f6rmige Wurzeln, die gut zum Einwintern geeignet sind. Die gr\u00fcnen Bl\u00e4tter sind verwendbar wie bei Blattpetersilie. Nach der Saat bis zum Auflaufen Erde st\u00e4ndig feucht halten. Vertr\u00e4gt keinen frischen organischen D\u00fcnger.<\/p>\n","protected":false},"featured_media":4332,"template":"","meta":{"inline_featured_image":false},"product_cat":[408,343],"product_tag":[310],"_links":{"self":[{"href":"https:\/\/shop.growcube.sk\/de\/wp-json\/wp\/v2\/product\/4331"}],"collection":[{"href":"https:\/\/shop.growcube.sk\/de\/wp-json\/wp\/v2\/product"}],"about":[{"href":"https:\/\/shop.growcube.sk\/de\/wp-json\/wp\/v2\/types\/product"}],"version-history":[{"count":0,"href":"https:\/\/shop.growcube.sk\/de\/wp-json\/wp\/v2\/product\/4331\/revisions"}],"wp:featuredmedia":[{"embeddable":true,"href":"https:\/\/shop.growcube.sk\/de\/wp-json\/wp\/v2\/media\/4332"}],"wp:attachment":[{"href":"https:\/\/shop.growcube.sk\/de\/wp-json\/wp\/v2\/media?parent=4331"}],"wp:term":[{"taxonomy":"product_cat","embeddable":true,"href":"https:\/\/shop.growcube.sk\/de\/wp-json\/wp\/v2\/product_cat?post=4331"},{"taxonomy":"product_tag","embeddable":true,"href":"https:\/\/shop.growcube.sk\/de\/wp-json\/wp\/v2\/product_tag?post=4331"}],"curies":[{"name":"wp","href":"https:\/\/api.w.org\/{rel}","templated":true}]}}