{"id":4324,"date":"2020-08-14T16:08:56","date_gmt":"2020-08-14T14:08:56","guid":{"rendered":"https:\/\/shop.growcube.sk\/produkt\/tomate-rosa\/"},"modified":"2020-08-14T16:08:56","modified_gmt":"2020-08-14T14:08:56","slug":"tomate-rosa","status":"publish","type":"product","link":"https:\/\/shop.growcube.sk\/de\/produkt\/tomate-rosa\/","title":{"rendered":"Tomate Rosa"},"content":{"rendered":"<p>Sehr gro\u00dfe, runde bis flachrunde Fleischtomate mit hervorragendem Geschmack. Fruchtgewicht bis 900 g. Sehr w\u00fcchsige, mittelsp\u00e4te Stabtomate. Landsorte aus Bulgarien. Paketgewicht 5 g.<\/p>\n","protected":false},"excerpt":{"rendered":"<p>Sehr gro\u00dfe, runde bis flachrunde Fleischtomate mit hervorragendem Geschmack. Fruchtgewicht bis 900 g. Sehr w\u00fcchsige, mittelsp\u00e4te Stabtomate. Landsorte aus Bulgarien.<\/p>\n","protected":false},"featured_media":4325,"template":"","meta":{"inline_featured_image":false},"product_cat":[408,334],"product_tag":[310],"_links":{"self":[{"href":"https:\/\/shop.growcube.sk\/de\/wp-json\/wp\/v2\/product\/4324"}],"collection":[{"href":"https:\/\/shop.growcube.sk\/de\/wp-json\/wp\/v2\/product"}],"about":[{"href":"https:\/\/shop.growcube.sk\/de\/wp-json\/wp\/v2\/types\/product"}],"version-history":[{"count":0,"href":"https:\/\/shop.growcube.sk\/de\/wp-json\/wp\/v2\/product\/4324\/revisions"}],"wp:featuredmedia":[{"embeddable":true,"href":"https:\/\/shop.growcube.sk\/de\/wp-json\/wp\/v2\/media\/4325"}],"wp:attachment":[{"href":"https:\/\/shop.growcube.sk\/de\/wp-json\/wp\/v2\/media?parent=4324"}],"wp:term":[{"taxonomy":"product_cat","embeddable":true,"href":"https:\/\/shop.growcube.sk\/de\/wp-json\/wp\/v2\/product_cat?post=4324"},{"taxonomy":"product_tag","embeddable":true,"href":"https:\/\/shop.growcube.sk\/de\/wp-json\/wp\/v2\/product_tag?post=4324"}],"curies":[{"name":"wp","href":"https:\/\/api.w.org\/{rel}","templated":true}]}}