{"id":4321,"date":"2020-08-14T16:09:16","date_gmt":"2020-08-14T14:09:16","guid":{"rendered":"https:\/\/shop.growcube.sk\/produkt\/salatrube-tonda-di-chioggia\/"},"modified":"2020-08-14T16:09:16","modified_gmt":"2020-08-14T14:09:16","slug":"salatrube-tonda-di-chioggia","status":"publish","type":"product","link":"https:\/\/shop.growcube.sk\/de\/produkt\/salatrube-tonda-di-chioggia\/","title":{"rendered":"Salatr\u00fcbe Tonda di Chioggia"},"content":{"rendered":"<p>Spezialit\u00e4t f\u00fcr den Verkauf ab Hof oder auf dem Wochenmarkt. Leuchtend hellrote und sehr attraktive Schale, innen rot-wei\u00df gestreifte Ringe, hellgr\u00fcne Bl\u00e4tter. Paketgewicht 10 g.<\/p>\n","protected":false},"excerpt":{"rendered":"<p>Spezialit\u00e4t f\u00fcr den Verkauf ab Hof oder auf dem Wochenmarkt. Leuchtend hellrote und sehr attraktive Schale, innen rot-wei\u00df gestreifte Ringe, hellgr\u00fcne Bl\u00e4tter.<\/p>\n","protected":false},"featured_media":5546,"template":"","meta":{"inline_featured_image":false},"product_cat":[408,328],"product_tag":[310],"_links":{"self":[{"href":"https:\/\/shop.growcube.sk\/de\/wp-json\/wp\/v2\/product\/4321"}],"collection":[{"href":"https:\/\/shop.growcube.sk\/de\/wp-json\/wp\/v2\/product"}],"about":[{"href":"https:\/\/shop.growcube.sk\/de\/wp-json\/wp\/v2\/types\/product"}],"version-history":[{"count":0,"href":"https:\/\/shop.growcube.sk\/de\/wp-json\/wp\/v2\/product\/4321\/revisions"}],"wp:featuredmedia":[{"embeddable":true,"href":"https:\/\/shop.growcube.sk\/de\/wp-json\/wp\/v2\/media\/5546"}],"wp:attachment":[{"href":"https:\/\/shop.growcube.sk\/de\/wp-json\/wp\/v2\/media?parent=4321"}],"wp:term":[{"taxonomy":"product_cat","embeddable":true,"href":"https:\/\/shop.growcube.sk\/de\/wp-json\/wp\/v2\/product_cat?post=4321"},{"taxonomy":"product_tag","embeddable":true,"href":"https:\/\/shop.growcube.sk\/de\/wp-json\/wp\/v2\/product_tag?post=4321"}],"curies":[{"name":"wp","href":"https:\/\/api.w.org\/{rel}","templated":true}]}}