{"id":4317,"date":"2020-08-14T16:08:56","date_gmt":"2020-08-14T14:08:56","guid":{"rendered":"https:\/\/shop.growcube.sk\/produkt\/roter-grunkohl\/"},"modified":"2022-07-15T12:47:22","modified_gmt":"2022-07-15T10:47:22","slug":"roter-grunkohl","status":"publish","type":"product","link":"https:\/\/shop.growcube.sk\/de\/produkt\/roter-grunkohl\/","title":{"rendered":"Roter Gr\u00fcnkohl"},"content":{"rendered":"<p>Vitaminreiches Wintergem\u00fcse. Bildet dunkelviolette, stark gekrauste Bl\u00e4tter, die nach dem Frost ihren eigentlichen Geschmack entwickeln. Geerntet werden \u00fcber den Winter die einzelnen Bl\u00e4tter.<\/p>\n","protected":false},"excerpt":{"rendered":"<p>Vitaminreiches Wintergem\u00fcse. Bildet dunkelviolette, stark gekrauste Bl\u00e4tter, die nach dem Frost ihren eigentlichen Geschmack entwickeln. Geerntet werden \u00fcber den Winter die einzelnen Bl\u00e4tter.<\/p>\n","protected":false},"featured_media":4318,"template":"","meta":{"inline_featured_image":false},"product_cat":[314,408],"product_tag":[310],"_links":{"self":[{"href":"https:\/\/shop.growcube.sk\/de\/wp-json\/wp\/v2\/product\/4317"}],"collection":[{"href":"https:\/\/shop.growcube.sk\/de\/wp-json\/wp\/v2\/product"}],"about":[{"href":"https:\/\/shop.growcube.sk\/de\/wp-json\/wp\/v2\/types\/product"}],"version-history":[{"count":1,"href":"https:\/\/shop.growcube.sk\/de\/wp-json\/wp\/v2\/product\/4317\/revisions"}],"predecessor-version":[{"id":4320,"href":"https:\/\/shop.growcube.sk\/de\/wp-json\/wp\/v2\/product\/4317\/revisions\/4320"}],"wp:featuredmedia":[{"embeddable":true,"href":"https:\/\/shop.growcube.sk\/de\/wp-json\/wp\/v2\/media\/4318"}],"wp:attachment":[{"href":"https:\/\/shop.growcube.sk\/de\/wp-json\/wp\/v2\/media?parent=4317"}],"wp:term":[{"taxonomy":"product_cat","embeddable":true,"href":"https:\/\/shop.growcube.sk\/de\/wp-json\/wp\/v2\/product_cat?post=4317"},{"taxonomy":"product_tag","embeddable":true,"href":"https:\/\/shop.growcube.sk\/de\/wp-json\/wp\/v2\/product_tag?post=4317"}],"curies":[{"name":"wp","href":"https:\/\/api.w.org\/{rel}","templated":true}]}}