{"id":4314,"date":"2020-08-14T16:09:29","date_gmt":"2020-08-14T14:09:29","guid":{"rendered":"https:\/\/shop.growcube.sk\/produkt\/oriental-mix\/"},"modified":"2020-08-14T16:09:29","modified_gmt":"2020-08-14T14:09:29","slug":"oriental-mix","status":"publish","type":"product","link":"https:\/\/shop.growcube.sk\/de\/produkt\/oriental-mix\/","title":{"rendered":"Oriental Mix"},"content":{"rendered":"<p>Cut- and Come-Salatmischung aus verschiedenen Asia-Sorten: Pak Choi, Tatsoi, Mizuna u.a. Eine Bereicherung f\u00fcr die K\u00fcche in der k\u00fchlen Jahreszeit. Alle Sorten sind frosttolerant und k\u00f6nnen getrieben werden. Mehrmaliger Schnitt m\u00f6glich. Paketgewicht 7 g.<\/p>\n","protected":false},"excerpt":{"rendered":"<p>Cut- and Come-Salatmischung aus verschiedenen Asia-Sorten: Pak Choi, Tatsoi, Mizuna u.a. Eine Bereicherung f\u00fcr die K\u00fcche in der k\u00fchlen Jahreszeit. Alle Sorten sind frosttolerant und k\u00f6nnen getrieben werden. Mehrmaliger Schnitt m\u00f6glich.<\/p>\n","protected":false},"featured_media":4315,"template":"","meta":{"inline_featured_image":false},"product_cat":[314,408,330],"product_tag":[310],"_links":{"self":[{"href":"https:\/\/shop.growcube.sk\/de\/wp-json\/wp\/v2\/product\/4314"}],"collection":[{"href":"https:\/\/shop.growcube.sk\/de\/wp-json\/wp\/v2\/product"}],"about":[{"href":"https:\/\/shop.growcube.sk\/de\/wp-json\/wp\/v2\/types\/product"}],"version-history":[{"count":0,"href":"https:\/\/shop.growcube.sk\/de\/wp-json\/wp\/v2\/product\/4314\/revisions"}],"wp:featuredmedia":[{"embeddable":true,"href":"https:\/\/shop.growcube.sk\/de\/wp-json\/wp\/v2\/media\/4315"}],"wp:attachment":[{"href":"https:\/\/shop.growcube.sk\/de\/wp-json\/wp\/v2\/media?parent=4314"}],"wp:term":[{"taxonomy":"product_cat","embeddable":true,"href":"https:\/\/shop.growcube.sk\/de\/wp-json\/wp\/v2\/product_cat?post=4314"},{"taxonomy":"product_tag","embeddable":true,"href":"https:\/\/shop.growcube.sk\/de\/wp-json\/wp\/v2\/product_tag?post=4314"}],"curies":[{"name":"wp","href":"https:\/\/api.w.org\/{rel}","templated":true}]}}