{"id":4311,"date":"2020-08-14T16:09:03","date_gmt":"2020-08-14T14:09:03","guid":{"rendered":"https:\/\/shop.growcube.sk\/produkt\/gurken-vorgebirgstrauben\/"},"modified":"2020-08-14T16:09:03","modified_gmt":"2020-08-14T14:09:03","slug":"gurken-vorgebirgstrauben","status":"publish","type":"product","link":"https:\/\/shop.growcube.sk\/de\/produkt\/gurken-vorgebirgstrauben\/","title":{"rendered":"Gurken Vorgebirgstrauben"},"content":{"rendered":"<table>\n<tbody>\n<tr>\n<td width=\"298\">Bew\u00e4hrte, ertragreiche Einlegesorte mit vielen kleinen Fr\u00fcchten. Es empfiehlt sich, wiederholt Fr\u00fcchte der gleichen Gr\u00f6\u00dfe zu ernten und einzulegen. Paketgewicht 7 g.<\/td>\n<\/tr>\n<\/tbody>\n<\/table>\n","protected":false},"excerpt":{"rendered":"<table>\n<tbody>\n<tr>\n<td width=\"298\">Bew\u00e4hrte, ertragreiche Einlegesorte mit vielen kleinen Fr\u00fcchten. Es empfiehlt sich, wiederholt Fr\u00fcchte der gleichen Gr\u00f6\u00dfe zu ernten und einzulegen.<\/td>\n<\/tr>\n<\/tbody>\n<\/table>\n","protected":false},"featured_media":4312,"template":"","meta":{"inline_featured_image":false},"product_cat":[342,408],"product_tag":[310],"_links":{"self":[{"href":"https:\/\/shop.growcube.sk\/de\/wp-json\/wp\/v2\/product\/4311"}],"collection":[{"href":"https:\/\/shop.growcube.sk\/de\/wp-json\/wp\/v2\/product"}],"about":[{"href":"https:\/\/shop.growcube.sk\/de\/wp-json\/wp\/v2\/types\/product"}],"version-history":[{"count":0,"href":"https:\/\/shop.growcube.sk\/de\/wp-json\/wp\/v2\/product\/4311\/revisions"}],"wp:featuredmedia":[{"embeddable":true,"href":"https:\/\/shop.growcube.sk\/de\/wp-json\/wp\/v2\/media\/4312"}],"wp:attachment":[{"href":"https:\/\/shop.growcube.sk\/de\/wp-json\/wp\/v2\/media?parent=4311"}],"wp:term":[{"taxonomy":"product_cat","embeddable":true,"href":"https:\/\/shop.growcube.sk\/de\/wp-json\/wp\/v2\/product_cat?post=4311"},{"taxonomy":"product_tag","embeddable":true,"href":"https:\/\/shop.growcube.sk\/de\/wp-json\/wp\/v2\/product_tag?post=4311"}],"curies":[{"name":"wp","href":"https:\/\/api.w.org\/{rel}","templated":true}]}}