{"id":4308,"date":"2020-08-14T16:09:04","date_gmt":"2020-08-14T14:09:04","guid":{"rendered":"https:\/\/shop.growcube.sk\/produkt\/tomate-jani\/"},"modified":"2020-08-14T16:09:04","modified_gmt":"2020-08-14T14:09:04","slug":"tomate-jani","status":"publish","type":"product","link":"https:\/\/shop.growcube.sk\/de\/produkt\/tomate-jani\/","title":{"rendered":"Tomate Jani"},"content":{"rendered":"<p>Buschtomate. Sehr fr\u00fche Sorte. Die B\u00fcsche m\u00fcssen nicht ausgegeizt werden und erreichen eine H\u00f6he von ca. 80 cm. Die roten, etwas flachrunden Fr\u00fcchte erreichen einen Durchmesser bis zu 7 cm. Sehr gut geeignet sowohl f\u00fcr Freilandanbau, als auch f\u00fcr K\u00fcbelpflanzung. Muss nicht unbedingt gest\u00fctzt werden. Guter Geschmack. Sichert guten Ertrag und verhindert Braunf\u00e4ule. Fruchtgewicht ca. 85g.<\/p>\n<p>Paketgewicht 5 g.<\/p>\n","protected":false},"excerpt":{"rendered":"<p>Buschtomate. Sehr fr\u00fche Sorte. Die B\u00fcsche m\u00fcssen nicht ausgegeizt werden und erreichen eine H\u00f6he von ca. 80 cm. Die roten, etwas flachrunden Fr\u00fcchte erreichen einen Durchmesser bis zu 7 cm. Sehr gut geeignet sowohl f\u00fcr Freilandanbau, als auch f\u00fcr K\u00fcbelpflanzung. Muss nicht unbedingt gest\u00fctzt werden. Guter Geschmack. Sichert guten Ertrag und verhindert Braunf\u00e4ule. Fruchtgewicht ca. 85g.<\/p>\n","protected":false},"featured_media":4309,"template":"","meta":{"inline_featured_image":false},"product_cat":[408,335,334],"product_tag":[310],"_links":{"self":[{"href":"https:\/\/shop.growcube.sk\/de\/wp-json\/wp\/v2\/product\/4308"}],"collection":[{"href":"https:\/\/shop.growcube.sk\/de\/wp-json\/wp\/v2\/product"}],"about":[{"href":"https:\/\/shop.growcube.sk\/de\/wp-json\/wp\/v2\/types\/product"}],"version-history":[{"count":0,"href":"https:\/\/shop.growcube.sk\/de\/wp-json\/wp\/v2\/product\/4308\/revisions"}],"wp:featuredmedia":[{"embeddable":true,"href":"https:\/\/shop.growcube.sk\/de\/wp-json\/wp\/v2\/media\/4309"}],"wp:attachment":[{"href":"https:\/\/shop.growcube.sk\/de\/wp-json\/wp\/v2\/media?parent=4308"}],"wp:term":[{"taxonomy":"product_cat","embeddable":true,"href":"https:\/\/shop.growcube.sk\/de\/wp-json\/wp\/v2\/product_cat?post=4308"},{"taxonomy":"product_tag","embeddable":true,"href":"https:\/\/shop.growcube.sk\/de\/wp-json\/wp\/v2\/product_tag?post=4308"}],"curies":[{"name":"wp","href":"https:\/\/api.w.org\/{rel}","templated":true}]}}