{"id":4297,"date":"2020-08-14T16:09:05","date_gmt":"2020-08-14T14:09:05","guid":{"rendered":"https:\/\/shop.growcube.sk\/produkt\/kopfsalat-murielle\/"},"modified":"2020-08-14T16:09:05","modified_gmt":"2020-08-14T14:09:05","slug":"kopfsalat-murielle","status":"publish","type":"product","link":"https:\/\/shop.growcube.sk\/de\/produkt\/kopfsalat-murielle\/","title":{"rendered":"Kopfsalat Murielle"},"content":{"rendered":"<p>Sehr gro\u00dfer, gl\u00e4nzend frisch gr\u00fcner, stabil bleibender Kopfsalat. Gut geschlossene Unterseite. Besonders widerstandsf\u00e4hig gegen Randen und Innenbrand. Sehr feiner Geschmack. F\u00fcr Freiland- und Gew\u00e4chshausanbau, auch zum Treiben im Fr\u00fchjahr. Aussaat Ende Januar bis Ende M\u00e4rz. Paketgewicht 5 g.<\/p>\n","protected":false},"excerpt":{"rendered":"<p>Sehr gro\u00dfer, gl\u00e4nzend frisch gr\u00fcner, stabil bleibender Kopfsalat. Gut geschlossene Unterseite. Besonders widerstandsf\u00e4hig gegen Randen und Innenbrand. Sehr feiner Geschmack. F\u00fcr Freiland- und Gew\u00e4chshausanbau, auch zum Treiben im Fr\u00fchjahr. Aussaat Ende Januar bis Ende M\u00e4rz. <span class=\"Y2IQFc\" lang=\"de\">Packungsinhalt ca. f\u00fcr 300 Pflanzen.<\/span><\/p>\n","protected":false},"featured_media":4298,"template":"","meta":{"inline_featured_image":false},"product_cat":[331,408,330],"product_tag":[310],"_links":{"self":[{"href":"https:\/\/shop.growcube.sk\/de\/wp-json\/wp\/v2\/product\/4297"}],"collection":[{"href":"https:\/\/shop.growcube.sk\/de\/wp-json\/wp\/v2\/product"}],"about":[{"href":"https:\/\/shop.growcube.sk\/de\/wp-json\/wp\/v2\/types\/product"}],"version-history":[{"count":0,"href":"https:\/\/shop.growcube.sk\/de\/wp-json\/wp\/v2\/product\/4297\/revisions"}],"wp:featuredmedia":[{"embeddable":true,"href":"https:\/\/shop.growcube.sk\/de\/wp-json\/wp\/v2\/media\/4298"}],"wp:attachment":[{"href":"https:\/\/shop.growcube.sk\/de\/wp-json\/wp\/v2\/media?parent=4297"}],"wp:term":[{"taxonomy":"product_cat","embeddable":true,"href":"https:\/\/shop.growcube.sk\/de\/wp-json\/wp\/v2\/product_cat?post=4297"},{"taxonomy":"product_tag","embeddable":true,"href":"https:\/\/shop.growcube.sk\/de\/wp-json\/wp\/v2\/product_tag?post=4297"}],"curies":[{"name":"wp","href":"https:\/\/api.w.org\/{rel}","templated":true}]}}