{"id":4292,"date":"2020-08-14T16:09:17","date_gmt":"2020-08-14T14:09:17","guid":{"rendered":"https:\/\/shop.growcube.sk\/produkt\/karotte-jaune-du-doubs\/"},"modified":"2022-07-15T12:31:44","modified_gmt":"2022-07-15T10:31:44","slug":"karotte-jaune-du-doubs","status":"publish","type":"product","link":"https:\/\/shop.growcube.sk\/de\/produkt\/karotte-jaune-du-doubs\/","title":{"rendered":"Karotte Jaune du Doubs"},"content":{"rendered":"<p>20-25 cm lange, gro\u00dfe, dunkelgelbe, glattschalige Karotte mit leicht gr\u00fcnen Schultern und kr\u00e4ftigem Laub, relativ zylindrisch wachsend mit abgerundeter Spitze; eine franz\u00f6sische Gourmetsorte. Frisch und als Lagerkarotte geeignet. Paketgewicht 10 g.<\/p>\n","protected":false},"excerpt":{"rendered":"<p>20-25 cm lange, gro\u00dfe, dunkelgelbe, glattschalige Karotte mit leicht gr\u00fcnen Schultern und kr\u00e4ftigem Laub, relativ zylindrisch wachsend mit abgerundeter Spitze; eine franz\u00f6sische Gourmetsorte. Frisch und als Lagerkarotte geeignet.<\/p>\n","protected":false},"featured_media":5538,"template":"","meta":{"inline_featured_image":false},"product_cat":[340,408],"product_tag":[310],"_links":{"self":[{"href":"https:\/\/shop.growcube.sk\/de\/wp-json\/wp\/v2\/product\/4292"}],"collection":[{"href":"https:\/\/shop.growcube.sk\/de\/wp-json\/wp\/v2\/product"}],"about":[{"href":"https:\/\/shop.growcube.sk\/de\/wp-json\/wp\/v2\/types\/product"}],"version-history":[{"count":1,"href":"https:\/\/shop.growcube.sk\/de\/wp-json\/wp\/v2\/product\/4292\/revisions"}],"predecessor-version":[{"id":4296,"href":"https:\/\/shop.growcube.sk\/de\/wp-json\/wp\/v2\/product\/4292\/revisions\/4296"}],"wp:featuredmedia":[{"embeddable":true,"href":"https:\/\/shop.growcube.sk\/de\/wp-json\/wp\/v2\/media\/5538"}],"wp:attachment":[{"href":"https:\/\/shop.growcube.sk\/de\/wp-json\/wp\/v2\/media?parent=4292"}],"wp:term":[{"taxonomy":"product_cat","embeddable":true,"href":"https:\/\/shop.growcube.sk\/de\/wp-json\/wp\/v2\/product_cat?post=4292"},{"taxonomy":"product_tag","embeddable":true,"href":"https:\/\/shop.growcube.sk\/de\/wp-json\/wp\/v2\/product_tag?post=4292"}],"curies":[{"name":"wp","href":"https:\/\/api.w.org\/{rel}","templated":true}]}}