{"id":4289,"date":"2020-08-14T16:08:57","date_gmt":"2020-08-14T14:08:57","guid":{"rendered":"https:\/\/shop.growcube.sk\/produkt\/zucchini-gold-rush\/"},"modified":"2020-08-14T16:08:57","modified_gmt":"2020-08-14T14:08:57","slug":"zucchini-gold-rush","status":"publish","type":"product","link":"https:\/\/shop.growcube.sk\/de\/produkt\/zucchini-gold-rush\/","title":{"rendered":"Zucchini Gold Rush"},"content":{"rendered":"<p>Buschf\u00f6rmig wachsend. Mittelfr\u00fche, sehr produktive Sorte mit goldgelben, l\u00e4nglichen Fr\u00fcchten. Sehr feines Fleisch. Paketgewicht 6 g.<\/p>\n","protected":false},"excerpt":{"rendered":"<p>Buschf\u00f6rmig wachsend. Mittelfr\u00fche, sehr produktive Sorte mit goldgelben, l\u00e4nglichen Fr\u00fcchten. Sehr feines Fleisch.<\/p>\n","protected":false},"featured_media":4290,"template":"","meta":{"inline_featured_image":false},"product_cat":[408],"product_tag":[310],"_links":{"self":[{"href":"https:\/\/shop.growcube.sk\/de\/wp-json\/wp\/v2\/product\/4289"}],"collection":[{"href":"https:\/\/shop.growcube.sk\/de\/wp-json\/wp\/v2\/product"}],"about":[{"href":"https:\/\/shop.growcube.sk\/de\/wp-json\/wp\/v2\/types\/product"}],"version-history":[{"count":0,"href":"https:\/\/shop.growcube.sk\/de\/wp-json\/wp\/v2\/product\/4289\/revisions"}],"wp:featuredmedia":[{"embeddable":true,"href":"https:\/\/shop.growcube.sk\/de\/wp-json\/wp\/v2\/media\/4290"}],"wp:attachment":[{"href":"https:\/\/shop.growcube.sk\/de\/wp-json\/wp\/v2\/media?parent=4289"}],"wp:term":[{"taxonomy":"product_cat","embeddable":true,"href":"https:\/\/shop.growcube.sk\/de\/wp-json\/wp\/v2\/product_cat?post=4289"},{"taxonomy":"product_tag","embeddable":true,"href":"https:\/\/shop.growcube.sk\/de\/wp-json\/wp\/v2\/product_tag?post=4289"}],"curies":[{"name":"wp","href":"https:\/\/api.w.org\/{rel}","templated":true}]}}