{"id":4282,"date":"2020-08-14T16:09:18","date_gmt":"2020-08-14T14:09:18","guid":{"rendered":"https:\/\/shop.growcube.sk\/produkt\/ramoso-calabrese-broccoli\/"},"modified":"2020-08-14T16:09:18","modified_gmt":"2020-08-14T14:09:18","slug":"ramoso-calabrese-broccoli","status":"publish","type":"product","link":"https:\/\/shop.growcube.sk\/de\/produkt\/ramoso-calabrese-broccoli\/","title":{"rendered":"Ramoso Calabrese Broccoli"},"content":{"rendered":"<p>Pflanze bildet einen starken Haupttrieb mit mittelgro\u00dfer bis gro\u00dfer Rose und nach dessen Ernte viele Seitentriebe, die laufend bis in den Herbst geerntet werden k\u00f6nnen. Ein zartes Gem\u00fcse mit feinem Geschmack. Liebt n\u00e4hrstoffreichen Boden und gleichm\u00e4\u00dfige Feuchtigkeit.<\/p>\n","protected":false},"excerpt":{"rendered":"<p>Pflanze bildet einen starken Haupttrieb mit mittelgro\u00dfer bis gro\u00dfer Rose und nach dessen Ernte viele Seitentriebe, die laufend bis in den Herbst geerntet werden k\u00f6nnen. Ein zartes Gem\u00fcse mit feinem Geschmack. Liebt n\u00e4hrstoffreichen Boden und gleichm\u00e4\u00dfige Feuchtigkeit.<\/p>\n","protected":false},"featured_media":4283,"template":"","meta":{"inline_featured_image":false},"product_cat":[314,408],"product_tag":[310],"_links":{"self":[{"href":"https:\/\/shop.growcube.sk\/de\/wp-json\/wp\/v2\/product\/4282"}],"collection":[{"href":"https:\/\/shop.growcube.sk\/de\/wp-json\/wp\/v2\/product"}],"about":[{"href":"https:\/\/shop.growcube.sk\/de\/wp-json\/wp\/v2\/types\/product"}],"version-history":[{"count":0,"href":"https:\/\/shop.growcube.sk\/de\/wp-json\/wp\/v2\/product\/4282\/revisions"}],"wp:featuredmedia":[{"embeddable":true,"href":"https:\/\/shop.growcube.sk\/de\/wp-json\/wp\/v2\/media\/4283"}],"wp:attachment":[{"href":"https:\/\/shop.growcube.sk\/de\/wp-json\/wp\/v2\/media?parent=4282"}],"wp:term":[{"taxonomy":"product_cat","embeddable":true,"href":"https:\/\/shop.growcube.sk\/de\/wp-json\/wp\/v2\/product_cat?post=4282"},{"taxonomy":"product_tag","embeddable":true,"href":"https:\/\/shop.growcube.sk\/de\/wp-json\/wp\/v2\/product_tag?post=4282"}],"curies":[{"name":"wp","href":"https:\/\/api.w.org\/{rel}","templated":true}]}}