{"id":4275,"date":"2020-08-14T16:09:04","date_gmt":"2020-08-14T14:09:04","guid":{"rendered":"https:\/\/shop.growcube.sk\/produkt\/tomate-hellfrucht\/"},"modified":"2020-08-14T16:09:04","modified_gmt":"2020-08-14T14:09:04","slug":"tomate-hellfrucht","status":"publish","type":"product","link":"https:\/\/shop.growcube.sk\/de\/produkt\/tomate-hellfrucht\/","title":{"rendered":"Tomate Hellfrucht"},"content":{"rendered":"<p>Freilandtomate mit hohem Ertrag. Geeignet f\u00fcr die direkte Aussaat. Fr\u00fch, platzfest, auch bei wechselhafter Witterung, widerstandsf\u00e4hig. Auch f\u00fcr den gesch\u00fctzten Anbau. Paketgewicht 5 g.<\/p>\n","protected":false},"excerpt":{"rendered":"<p>Freilandtomate mit hohem Ertrag. Geeignet f\u00fcr die direkte Aussaat. Fr\u00fch, platzfest, auch bei wechselhafter Witterung, widerstandsf\u00e4hig. Auch f\u00fcr den gesch\u00fctzten Anbau.<\/p>\n","protected":false},"featured_media":4276,"template":"","meta":{"inline_featured_image":false},"product_cat":[408,335,334],"product_tag":[310],"_links":{"self":[{"href":"https:\/\/shop.growcube.sk\/de\/wp-json\/wp\/v2\/product\/4275"}],"collection":[{"href":"https:\/\/shop.growcube.sk\/de\/wp-json\/wp\/v2\/product"}],"about":[{"href":"https:\/\/shop.growcube.sk\/de\/wp-json\/wp\/v2\/types\/product"}],"version-history":[{"count":0,"href":"https:\/\/shop.growcube.sk\/de\/wp-json\/wp\/v2\/product\/4275\/revisions"}],"wp:featuredmedia":[{"embeddable":true,"href":"https:\/\/shop.growcube.sk\/de\/wp-json\/wp\/v2\/media\/4276"}],"wp:attachment":[{"href":"https:\/\/shop.growcube.sk\/de\/wp-json\/wp\/v2\/media?parent=4275"}],"wp:term":[{"taxonomy":"product_cat","embeddable":true,"href":"https:\/\/shop.growcube.sk\/de\/wp-json\/wp\/v2\/product_cat?post=4275"},{"taxonomy":"product_tag","embeddable":true,"href":"https:\/\/shop.growcube.sk\/de\/wp-json\/wp\/v2\/product_tag?post=4275"}],"curies":[{"name":"wp","href":"https:\/\/api.w.org\/{rel}","templated":true}]}}