{"id":4271,"date":"2020-08-14T16:09:05","date_gmt":"2020-08-14T14:09:05","guid":{"rendered":"https:\/\/shop.growcube.sk\/produkt\/romansalat-little-gem\/"},"modified":"2022-07-15T10:47:32","modified_gmt":"2022-07-15T08:47:32","slug":"romansalat-little-gem","status":"publish","type":"product","link":"https:\/\/shop.growcube.sk\/de\/produkt\/romansalat-little-gem\/","title":{"rendered":"Romansalat Little Gem"},"content":{"rendered":"<p>Kompakter, kleiner, raschw\u00fcchsiger Romanasalat mit hohem Gewicht. Die knackigen Bl\u00e4tter haben viel Gelbanteil und sind von ausgezeichnetem, s\u00fc\u00dfem Geschmack; Salatherzen.Pflanzung: 25&#215;25 cm oder 20&#215;30 cm. Paketgewicht 5 g.<\/p>\n","protected":false},"excerpt":{"rendered":"<p>Kompakter, kleiner, raschw\u00fcchsiger Romanasalat mit hohem Gewicht. Die knackigen Bl\u00e4tter haben viel Gelbanteil und sind von ausgezeichnetem, s\u00fc\u00dfem Geschmack; Salatherzen.Pflanzung: 25&#215;25 cm oder 20&#215;30 cm. <span class=\"Y2IQFc\" lang=\"de\">Packungsinhalt f\u00fcr ca. 400 Pflanzen.<\/span><\/p>\n","protected":false},"featured_media":4272,"template":"","meta":{"inline_featured_image":false},"product_cat":[408,338,330],"product_tag":[310],"_links":{"self":[{"href":"https:\/\/shop.growcube.sk\/de\/wp-json\/wp\/v2\/product\/4271"}],"collection":[{"href":"https:\/\/shop.growcube.sk\/de\/wp-json\/wp\/v2\/product"}],"about":[{"href":"https:\/\/shop.growcube.sk\/de\/wp-json\/wp\/v2\/types\/product"}],"version-history":[{"count":1,"href":"https:\/\/shop.growcube.sk\/de\/wp-json\/wp\/v2\/product\/4271\/revisions"}],"predecessor-version":[{"id":4274,"href":"https:\/\/shop.growcube.sk\/de\/wp-json\/wp\/v2\/product\/4271\/revisions\/4274"}],"wp:featuredmedia":[{"embeddable":true,"href":"https:\/\/shop.growcube.sk\/de\/wp-json\/wp\/v2\/media\/4272"}],"wp:attachment":[{"href":"https:\/\/shop.growcube.sk\/de\/wp-json\/wp\/v2\/media?parent=4271"}],"wp:term":[{"taxonomy":"product_cat","embeddable":true,"href":"https:\/\/shop.growcube.sk\/de\/wp-json\/wp\/v2\/product_cat?post=4271"},{"taxonomy":"product_tag","embeddable":true,"href":"https:\/\/shop.growcube.sk\/de\/wp-json\/wp\/v2\/product_tag?post=4271"}],"curies":[{"name":"wp","href":"https:\/\/api.w.org\/{rel}","templated":true}]}}