{"id":4268,"date":"2020-08-14T16:09:03","date_gmt":"2020-08-14T14:09:03","guid":{"rendered":"https:\/\/shop.growcube.sk\/produkt\/rotkraut-granat\/"},"modified":"2020-08-14T16:09:03","modified_gmt":"2020-08-14T14:09:03","slug":"rotkraut-granat","status":"publish","type":"product","link":"https:\/\/shop.growcube.sk\/de\/produkt\/rotkraut-granat\/","title":{"rendered":"Rotkraut Granat"},"content":{"rendered":"<p>Ziemlich schnell wachsende, dennoch sehr gut lagerf\u00e4hige Rotkrautsorte (Herbstsorte). Blatt mit guter Bereifung und gesund. Bringt auch in Gegenden mit k\u00fcrzerer Vegetationszeit noch gute Ertr\u00e4ge. Kopfgewicht ca. 2 kg. Aussaat: M\u00e4rz bis April im Freiland, Pflanzung: ca. 4000 Pfl.\/1000 m2. Paketgewicht 6 g.<\/p>\n","protected":false},"excerpt":{"rendered":"<p>Ziemlich schnell wachsende, dennoch sehr gut lagerf\u00e4hige Rotkrautsorte (Herbstsorte). Blatt mit guter Bereifung und gesund. Bringt auch in Gegenden mit k\u00fcrzerer Vegetationszeit noch gute Ertr\u00e4ge. Kopfgewicht ca. 2 kg. Aussaat: M\u00e4rz bis April im Freiland, Pflanzung: ca. 4000 Pfl.\/1000 m2.<\/p>\n","protected":false},"featured_media":4269,"template":"","meta":{"inline_featured_image":false},"product_cat":[314,408],"product_tag":[310],"_links":{"self":[{"href":"https:\/\/shop.growcube.sk\/de\/wp-json\/wp\/v2\/product\/4268"}],"collection":[{"href":"https:\/\/shop.growcube.sk\/de\/wp-json\/wp\/v2\/product"}],"about":[{"href":"https:\/\/shop.growcube.sk\/de\/wp-json\/wp\/v2\/types\/product"}],"version-history":[{"count":0,"href":"https:\/\/shop.growcube.sk\/de\/wp-json\/wp\/v2\/product\/4268\/revisions"}],"wp:featuredmedia":[{"embeddable":true,"href":"https:\/\/shop.growcube.sk\/de\/wp-json\/wp\/v2\/media\/4269"}],"wp:attachment":[{"href":"https:\/\/shop.growcube.sk\/de\/wp-json\/wp\/v2\/media?parent=4268"}],"wp:term":[{"taxonomy":"product_cat","embeddable":true,"href":"https:\/\/shop.growcube.sk\/de\/wp-json\/wp\/v2\/product_cat?post=4268"},{"taxonomy":"product_tag","embeddable":true,"href":"https:\/\/shop.growcube.sk\/de\/wp-json\/wp\/v2\/product_tag?post=4268"}],"curies":[{"name":"wp","href":"https:\/\/api.w.org\/{rel}","templated":true}]}}