{"id":4266,"date":"2021-06-04T13:45:52","date_gmt":"2021-06-04T11:45:52","guid":{"rendered":"https:\/\/shop.growcube.sk\/produkt\/kurbis-butternut-waltham\/"},"modified":"2021-06-04T13:45:52","modified_gmt":"2021-06-04T11:45:52","slug":"kurbis-butternut-waltham","status":"publish","type":"product","link":"https:\/\/shop.growcube.sk\/de\/produkt\/kurbis-butternut-waltham\/","title":{"rendered":"K\u00fcrbis Butternut Waltham"},"content":{"rendered":"<p>Ein w\u00e4rmeliebender, birnenf\u00f6rmiger K\u00fcrbis mit angenehm s\u00fc\u00dfem, nussartigem Geschmack. Starkw\u00fcchsig und rankend; Fr\u00fcchte ca. 30 cm lang mit viel und festem Fruchtfleisch und kleiner Samenh\u00f6hle; Fruchtfleisch gelb-orange, Schale beige-braun. Bis 2,5 kg schwer, ausgereift sehr gut lagerf\u00e4hig. Ben\u00f6tigt gute D\u00fcngung und weiten Abstand. Paketgewicht 6 g.<\/p>\n","protected":false},"excerpt":{"rendered":"<p>Ein w\u00e4rmeliebender, birnenf\u00f6rmiger K\u00fcrbis mit angenehm s\u00fc\u00dfem, nussartigem Geschmack. Starkw\u00fcchsig und rankend; Fr\u00fcchte ca. 30 cm lang mit viel und festem Fruchtfleisch und kleiner Samenh\u00f6hle; Fruchtfleisch gelb-orange, Schale beige-braun. Bis 2,5 kg schwer, ausgereift sehr gut lagerf\u00e4hig. Ben\u00f6tigt gute D\u00fcngung und weiten Abstand. Paketgewicht 6 g.<\/p>\n","protected":false},"featured_media":4267,"template":"","meta":{"inline_featured_image":false},"product_cat":[408],"product_tag":[310],"_links":{"self":[{"href":"https:\/\/shop.growcube.sk\/de\/wp-json\/wp\/v2\/product\/4266"}],"collection":[{"href":"https:\/\/shop.growcube.sk\/de\/wp-json\/wp\/v2\/product"}],"about":[{"href":"https:\/\/shop.growcube.sk\/de\/wp-json\/wp\/v2\/types\/product"}],"version-history":[{"count":0,"href":"https:\/\/shop.growcube.sk\/de\/wp-json\/wp\/v2\/product\/4266\/revisions"}],"wp:featuredmedia":[{"embeddable":true,"href":"https:\/\/shop.growcube.sk\/de\/wp-json\/wp\/v2\/media\/4267"}],"wp:attachment":[{"href":"https:\/\/shop.growcube.sk\/de\/wp-json\/wp\/v2\/media?parent=4266"}],"wp:term":[{"taxonomy":"product_cat","embeddable":true,"href":"https:\/\/shop.growcube.sk\/de\/wp-json\/wp\/v2\/product_cat?post=4266"},{"taxonomy":"product_tag","embeddable":true,"href":"https:\/\/shop.growcube.sk\/de\/wp-json\/wp\/v2\/product_tag?post=4266"}],"curies":[{"name":"wp","href":"https:\/\/api.w.org\/{rel}","templated":true}]}}