{"id":4244,"date":"2020-08-14T16:09:04","date_gmt":"2020-08-14T14:09:04","guid":{"rendered":"https:\/\/shop.growcube.sk\/produkt\/tomate-marglobe\/"},"modified":"2022-07-15T10:11:12","modified_gmt":"2022-07-15T08:11:12","slug":"tomate-marglobe","status":"publish","type":"product","link":"https:\/\/shop.growcube.sk\/de\/produkt\/tomate-marglobe\/","title":{"rendered":"Tomate Marglobe"},"content":{"rendered":"<p>Sehr reichtragende Fruchttrauben mit roten, flachrunden, kleinen bis mittelgro\u00dfen Fr\u00fcchten; Mittelsp\u00e4te, platzfeste Stabtomate von ausgezeichnetem Geschmack. Starkw\u00fcchsig. Kann mehrtriebig gezogen werden. Widerstandsf\u00e4hig. F\u00fcr Freiland und Gew\u00e4chshaus. Paketgewicht 5 g.<\/p>\n","protected":false},"excerpt":{"rendered":"<p>Sehr reichtragende Fruchttrauben mit roten, flachrunden, kleinen bis mittelgro\u00dfen Fr\u00fcchten; Mittelsp\u00e4te, platzfeste Stabtomate von ausgezeichnetem Geschmack. Starkw\u00fcchsig. Kann mehrtriebig gezogen werden. Widerstandsf\u00e4hig. F\u00fcr Freiland und Gew\u00e4chshaus.<\/p>\n","protected":false},"featured_media":4245,"template":"","meta":{"inline_featured_image":false},"product_cat":[408,335,334],"product_tag":[310],"_links":{"self":[{"href":"https:\/\/shop.growcube.sk\/de\/wp-json\/wp\/v2\/product\/4244"}],"collection":[{"href":"https:\/\/shop.growcube.sk\/de\/wp-json\/wp\/v2\/product"}],"about":[{"href":"https:\/\/shop.growcube.sk\/de\/wp-json\/wp\/v2\/types\/product"}],"version-history":[{"count":1,"href":"https:\/\/shop.growcube.sk\/de\/wp-json\/wp\/v2\/product\/4244\/revisions"}],"predecessor-version":[{"id":4247,"href":"https:\/\/shop.growcube.sk\/de\/wp-json\/wp\/v2\/product\/4244\/revisions\/4247"}],"wp:featuredmedia":[{"embeddable":true,"href":"https:\/\/shop.growcube.sk\/de\/wp-json\/wp\/v2\/media\/4245"}],"wp:attachment":[{"href":"https:\/\/shop.growcube.sk\/de\/wp-json\/wp\/v2\/media?parent=4244"}],"wp:term":[{"taxonomy":"product_cat","embeddable":true,"href":"https:\/\/shop.growcube.sk\/de\/wp-json\/wp\/v2\/product_cat?post=4244"},{"taxonomy":"product_tag","embeddable":true,"href":"https:\/\/shop.growcube.sk\/de\/wp-json\/wp\/v2\/product_tag?post=4244"}],"curies":[{"name":"wp","href":"https:\/\/api.w.org\/{rel}","templated":true}]}}