{"id":4240,"date":"2020-08-14T16:09:05","date_gmt":"2020-08-14T14:09:05","guid":{"rendered":"https:\/\/shop.growcube.sk\/produkt\/rucola-selvatica\/"},"modified":"2022-07-15T10:08:33","modified_gmt":"2022-07-15T08:08:33","slug":"rucola-selvatica","status":"publish","type":"product","link":"https:\/\/shop.growcube.sk\/de\/produkt\/rucola-selvatica\/","title":{"rendered":"Rucola selvatica"},"content":{"rendered":"<p>Wildform der beliebten Salatrauke mit feinen, schmal gefiederten Bl\u00e4ttern. Rosettenf\u00f6rmiger Wuchs, langsam wachsend, mehrj\u00e4hrig. Kann oft geschnitten werden. W\u00fcrzig, intensiver Geschmack. Aussaat: M\u00e4rz bis September im Freiland, im Gew\u00e4chshaus ganzj\u00e4hrig. Reihenabstand: 15-20 cm oder breitw\u00fcrfig. Saatgutbedarf: 15-20 g\/a.<\/p>\n<p>Paketgewicht 5 g.<\/p>\n","protected":false},"excerpt":{"rendered":"<p>Wildform der beliebten Salatrauke mit feinen, schmal gefiederten Bl\u00e4ttern. Rosettenf\u00f6rmiger Wuchs, langsam wachsend, mehrj\u00e4hrig. Kann oft geschnitten werden. W\u00fcrzig, intensiver Geschmack. Aussaat: M\u00e4rz bis September im Freiland, im Gew\u00e4chshaus ganzj\u00e4hrig. Reihenabstand: 15-20 cm oder breitw\u00fcrfig. Saatgutbedarf: 15-20 g\/a. <span class=\"Y2IQFc\" lang=\"de\">Packungsinhalt f\u00fcr 4m2.<\/span><\/p>\n","protected":false},"featured_media":4241,"template":"","meta":{"inline_featured_image":false},"product_cat":[408,333,307],"product_tag":[310],"_links":{"self":[{"href":"https:\/\/shop.growcube.sk\/de\/wp-json\/wp\/v2\/product\/4240"}],"collection":[{"href":"https:\/\/shop.growcube.sk\/de\/wp-json\/wp\/v2\/product"}],"about":[{"href":"https:\/\/shop.growcube.sk\/de\/wp-json\/wp\/v2\/types\/product"}],"version-history":[{"count":1,"href":"https:\/\/shop.growcube.sk\/de\/wp-json\/wp\/v2\/product\/4240\/revisions"}],"predecessor-version":[{"id":4243,"href":"https:\/\/shop.growcube.sk\/de\/wp-json\/wp\/v2\/product\/4240\/revisions\/4243"}],"wp:featuredmedia":[{"embeddable":true,"href":"https:\/\/shop.growcube.sk\/de\/wp-json\/wp\/v2\/media\/4241"}],"wp:attachment":[{"href":"https:\/\/shop.growcube.sk\/de\/wp-json\/wp\/v2\/media?parent=4240"}],"wp:term":[{"taxonomy":"product_cat","embeddable":true,"href":"https:\/\/shop.growcube.sk\/de\/wp-json\/wp\/v2\/product_cat?post=4240"},{"taxonomy":"product_tag","embeddable":true,"href":"https:\/\/shop.growcube.sk\/de\/wp-json\/wp\/v2\/product_tag?post=4240"}],"curies":[{"name":"wp","href":"https:\/\/api.w.org\/{rel}","templated":true}]}}