{"id":4233,"date":"2020-08-14T16:09:05","date_gmt":"2020-08-14T14:09:05","guid":{"rendered":"https:\/\/shop.growcube.sk\/produkt\/kopfsalat-merveille-des-quatre-saisons\/"},"modified":"2022-07-15T09:56:54","modified_gmt":"2022-07-15T07:56:54","slug":"kopfsalat-merveille-des-quatre-saisons","status":"publish","type":"product","link":"https:\/\/shop.growcube.sk\/de\/produkt\/kopfsalat-merveille-des-quatre-saisons\/","title":{"rendered":"Kopfsalat Merveille des quatre saisons"},"content":{"rendered":"<p>Rotgr\u00fcner Kopfsalat mit gelbgr\u00fcnem Herz. Gute Kopfbildung und gute Schossfestigkeit. Anbaueignung von Fr\u00fchjahr bis Herbst. Packungsinhalt ca. f\u00fcr 200 Pflanzen. Paketgewicht 4 g.<\/p>\n","protected":false},"excerpt":{"rendered":"<p>Rotgr\u00fcner Kopfsalat mit gelbgr\u00fcnem Herz. Gute Kopfbildung und gute Schossfestigkeit. Anbaueignung von Fr\u00fchjahr bis Herbst.<\/p>\n","protected":false},"featured_media":4234,"template":"","meta":{"inline_featured_image":false},"product_cat":[331,408,330],"product_tag":[310],"_links":{"self":[{"href":"https:\/\/shop.growcube.sk\/de\/wp-json\/wp\/v2\/product\/4233"}],"collection":[{"href":"https:\/\/shop.growcube.sk\/de\/wp-json\/wp\/v2\/product"}],"about":[{"href":"https:\/\/shop.growcube.sk\/de\/wp-json\/wp\/v2\/types\/product"}],"version-history":[{"count":1,"href":"https:\/\/shop.growcube.sk\/de\/wp-json\/wp\/v2\/product\/4233\/revisions"}],"predecessor-version":[{"id":4236,"href":"https:\/\/shop.growcube.sk\/de\/wp-json\/wp\/v2\/product\/4233\/revisions\/4236"}],"wp:featuredmedia":[{"embeddable":true,"href":"https:\/\/shop.growcube.sk\/de\/wp-json\/wp\/v2\/media\/4234"}],"wp:attachment":[{"href":"https:\/\/shop.growcube.sk\/de\/wp-json\/wp\/v2\/media?parent=4233"}],"wp:term":[{"taxonomy":"product_cat","embeddable":true,"href":"https:\/\/shop.growcube.sk\/de\/wp-json\/wp\/v2\/product_cat?post=4233"},{"taxonomy":"product_tag","embeddable":true,"href":"https:\/\/shop.growcube.sk\/de\/wp-json\/wp\/v2\/product_tag?post=4233"}],"curies":[{"name":"wp","href":"https:\/\/api.w.org\/{rel}","templated":true}]}}