{"id":4230,"date":"2020-08-14T16:09:16","date_gmt":"2020-08-14T14:09:16","guid":{"rendered":"https:\/\/shop.growcube.sk\/produkt\/kopfsalat-maikonig\/"},"modified":"2020-08-14T16:09:16","modified_gmt":"2020-08-14T14:09:16","slug":"kopfsalat-maikonig","status":"publish","type":"product","link":"https:\/\/shop.growcube.sk\/de\/produkt\/kopfsalat-maikonig\/","title":{"rendered":"Kopfsalat  Maik\u00f6nig"},"content":{"rendered":"<p>Bildet mittelgro\u00dfe, feste, gr\u00fcngelbe K\u00f6pfe mit r\u00f6tlichen Blattr\u00e4ndern. Auch unter Vlies und Folie m\u00f6glich. F\u00fcr den fr\u00fchen Freilandanbau. Aussaat Januar bis M\u00e4rz. Das Paket enth\u00e4lt: Inhalt f\u00fcr ca. 200-250 Pflanzen. Paketgewicht 5 g.<\/p>\n","protected":false},"excerpt":{"rendered":"<p>Bildet mittelgro\u00dfe, feste, gr\u00fcngelbe K\u00f6pfe mit r\u00f6tlichen Blattr\u00e4ndern. Auch unter Vlies und Folie m\u00f6glich. F\u00fcr den fr\u00fchen Freilandanbau. Aussaat Januar bis M\u00e4rz.<\/p>\n","protected":false},"featured_media":4231,"template":"","meta":{"inline_featured_image":false},"product_cat":[331,408,330],"product_tag":[310],"_links":{"self":[{"href":"https:\/\/shop.growcube.sk\/de\/wp-json\/wp\/v2\/product\/4230"}],"collection":[{"href":"https:\/\/shop.growcube.sk\/de\/wp-json\/wp\/v2\/product"}],"about":[{"href":"https:\/\/shop.growcube.sk\/de\/wp-json\/wp\/v2\/types\/product"}],"version-history":[{"count":0,"href":"https:\/\/shop.growcube.sk\/de\/wp-json\/wp\/v2\/product\/4230\/revisions"}],"wp:featuredmedia":[{"embeddable":true,"href":"https:\/\/shop.growcube.sk\/de\/wp-json\/wp\/v2\/media\/4231"}],"wp:attachment":[{"href":"https:\/\/shop.growcube.sk\/de\/wp-json\/wp\/v2\/media?parent=4230"}],"wp:term":[{"taxonomy":"product_cat","embeddable":true,"href":"https:\/\/shop.growcube.sk\/de\/wp-json\/wp\/v2\/product_cat?post=4230"},{"taxonomy":"product_tag","embeddable":true,"href":"https:\/\/shop.growcube.sk\/de\/wp-json\/wp\/v2\/product_tag?post=4230"}],"curies":[{"name":"wp","href":"https:\/\/api.w.org\/{rel}","templated":true}]}}