{"id":4227,"date":"2020-08-14T16:09:16","date_gmt":"2020-08-14T14:09:16","guid":{"rendered":"https:\/\/shop.growcube.sk\/produkt\/rube-rote-kugel\/"},"modified":"2020-08-14T16:09:16","modified_gmt":"2020-08-14T14:09:16","slug":"rube-rote-kugel","status":"publish","type":"product","link":"https:\/\/shop.growcube.sk\/de\/produkt\/rube-rote-kugel\/","title":{"rendered":"R\u00fcbe Rote Kugel"},"content":{"rendered":"<p>W\u00fcchsige Sorte mit kr\u00e4ftigem Laub. Runde, glattschalige, sehr gut lagerf\u00e4hige R\u00fcbe mit gut durchgef\u00e4rbtem, dunkelrotem Fleisch. F\u00fcr Frischverbrauch, Lagerung und Verarbeitung gleich gut geeignet. Paketgewicht 10 g.<\/p>\n","protected":false},"excerpt":{"rendered":"<p>W\u00fcchsige Sorte mit kr\u00e4ftigem Laub. Runde, glattschalige, sehr gut lagerf\u00e4hige R\u00fcbe mit gut durchgef\u00e4rbtem, dunkelrotem Fleisch. F\u00fcr Frischverbrauch, Lagerung und Verarbeitung gleich gut geeignet.<\/p>\n","protected":false},"featured_media":4228,"template":"","meta":{"inline_featured_image":false},"product_cat":[408,328],"product_tag":[310],"_links":{"self":[{"href":"https:\/\/shop.growcube.sk\/de\/wp-json\/wp\/v2\/product\/4227"}],"collection":[{"href":"https:\/\/shop.growcube.sk\/de\/wp-json\/wp\/v2\/product"}],"about":[{"href":"https:\/\/shop.growcube.sk\/de\/wp-json\/wp\/v2\/types\/product"}],"version-history":[{"count":0,"href":"https:\/\/shop.growcube.sk\/de\/wp-json\/wp\/v2\/product\/4227\/revisions"}],"wp:featuredmedia":[{"embeddable":true,"href":"https:\/\/shop.growcube.sk\/de\/wp-json\/wp\/v2\/media\/4228"}],"wp:attachment":[{"href":"https:\/\/shop.growcube.sk\/de\/wp-json\/wp\/v2\/media?parent=4227"}],"wp:term":[{"taxonomy":"product_cat","embeddable":true,"href":"https:\/\/shop.growcube.sk\/de\/wp-json\/wp\/v2\/product_cat?post=4227"},{"taxonomy":"product_tag","embeddable":true,"href":"https:\/\/shop.growcube.sk\/de\/wp-json\/wp\/v2\/product_tag?post=4227"}],"curies":[{"name":"wp","href":"https:\/\/api.w.org\/{rel}","templated":true}]}}