{"id":4224,"date":"2020-08-14T16:09:17","date_gmt":"2020-08-14T14:09:17","guid":{"rendered":"https:\/\/shop.growcube.sk\/produkt\/radies-eiszapfen\/"},"modified":"2020-08-14T16:09:17","modified_gmt":"2020-08-14T14:09:17","slug":"radies-eiszapfen","status":"publish","type":"product","link":"https:\/\/shop.growcube.sk\/de\/produkt\/radies-eiszapfen\/","title":{"rendered":"Radies Eiszapfen"},"content":{"rendered":"<p>10-12 cm langes, zylinderf\u00f6rmiges, wei\u00dfes, kurzlaubiges Radies; raschw\u00fcchsig. Bei rechtzeitiger Ernte ist ganzj\u00e4hriger Anbau m\u00f6glich. Knackig, mild-scharf. Radieschen lieben Humusboden und Feuchtigkeit. Rechtzeitig und fortlaufend ernten. Paketgewicht 9 g.<\/p>\n","protected":false},"excerpt":{"rendered":"<p>10-12 cm langes, zylinderf\u00f6rmiges, wei\u00dfes, kurzlaubiges Radies; raschw\u00fcchsig. Bei rechtzeitiger Ernte ist ganzj\u00e4hriger Anbau m\u00f6glich. Knackig, mild-scharf. Radieschen lieben Humusboden und Feuchtigkeit. Rechtzeitig und fortlaufend ernten.<\/p>\n","protected":false},"featured_media":4225,"template":"","meta":{"inline_featured_image":false},"product_cat":[408,327,308],"product_tag":[310],"_links":{"self":[{"href":"https:\/\/shop.growcube.sk\/de\/wp-json\/wp\/v2\/product\/4224"}],"collection":[{"href":"https:\/\/shop.growcube.sk\/de\/wp-json\/wp\/v2\/product"}],"about":[{"href":"https:\/\/shop.growcube.sk\/de\/wp-json\/wp\/v2\/types\/product"}],"version-history":[{"count":0,"href":"https:\/\/shop.growcube.sk\/de\/wp-json\/wp\/v2\/product\/4224\/revisions"}],"wp:featuredmedia":[{"embeddable":true,"href":"https:\/\/shop.growcube.sk\/de\/wp-json\/wp\/v2\/media\/4225"}],"wp:attachment":[{"href":"https:\/\/shop.growcube.sk\/de\/wp-json\/wp\/v2\/media?parent=4224"}],"wp:term":[{"taxonomy":"product_cat","embeddable":true,"href":"https:\/\/shop.growcube.sk\/de\/wp-json\/wp\/v2\/product_cat?post=4224"},{"taxonomy":"product_tag","embeddable":true,"href":"https:\/\/shop.growcube.sk\/de\/wp-json\/wp\/v2\/product_tag?post=4224"}],"curies":[{"name":"wp","href":"https:\/\/api.w.org\/{rel}","templated":true}]}}