{"id":4221,"date":"2020-08-14T16:09:17","date_gmt":"2020-08-14T14:09:17","guid":{"rendered":"https:\/\/shop.growcube.sk\/produkt\/lauch-herbstriesen-2\/"},"modified":"2020-08-14T16:09:17","modified_gmt":"2020-08-14T14:09:17","slug":"lauch-herbstriesen-2","status":"publish","type":"product","link":"https:\/\/shop.growcube.sk\/de\/produkt\/lauch-herbstriesen-2\/","title":{"rendered":"Lauch Herbstriesen 2"},"content":{"rendered":"<p>Dunkelgr\u00fcner, dicksch\u00e4ftiger Herbst\/Winterlauch. Sehr hoher Ertrag von erstklassiger Qualit\u00e4t, geringer Putzaufwand. Widerstandsf\u00e4hig gegen K\u00e4lte. Auch zur Verfr\u00fchung unter Folie geeignet. Aussaat: Januar bis M\u00e4rz. Paketgewicht 6 g.<\/p>\n","protected":false},"excerpt":{"rendered":"<p>Dunkelgr\u00fcner, dicksch\u00e4ftiger Herbst\/Winterlauch. Sehr hoher Ertrag von erstklassiger Qualit\u00e4t, geringer Putzaufwand. Widerstandsf\u00e4hig gegen K\u00e4lte. Auch zur Verfr\u00fchung unter Folie geeignet. Aussaat: Januar bis M\u00e4rz.<\/p>\n","protected":false},"featured_media":4222,"template":"","meta":{"inline_featured_image":false},"product_cat":[325,408],"product_tag":[310],"_links":{"self":[{"href":"https:\/\/shop.growcube.sk\/de\/wp-json\/wp\/v2\/product\/4221"}],"collection":[{"href":"https:\/\/shop.growcube.sk\/de\/wp-json\/wp\/v2\/product"}],"about":[{"href":"https:\/\/shop.growcube.sk\/de\/wp-json\/wp\/v2\/types\/product"}],"version-history":[{"count":0,"href":"https:\/\/shop.growcube.sk\/de\/wp-json\/wp\/v2\/product\/4221\/revisions"}],"wp:featuredmedia":[{"embeddable":true,"href":"https:\/\/shop.growcube.sk\/de\/wp-json\/wp\/v2\/media\/4222"}],"wp:attachment":[{"href":"https:\/\/shop.growcube.sk\/de\/wp-json\/wp\/v2\/media?parent=4221"}],"wp:term":[{"taxonomy":"product_cat","embeddable":true,"href":"https:\/\/shop.growcube.sk\/de\/wp-json\/wp\/v2\/product_cat?post=4221"},{"taxonomy":"product_tag","embeddable":true,"href":"https:\/\/shop.growcube.sk\/de\/wp-json\/wp\/v2\/product_tag?post=4221"}],"curies":[{"name":"wp","href":"https:\/\/api.w.org\/{rel}","templated":true}]}}