{"id":4208,"date":"2021-06-04T14:00:26","date_gmt":"2021-06-04T12:00:26","guid":{"rendered":"https:\/\/shop.growcube.sk\/produkt\/kurbis-red-kuri\/"},"modified":"2022-07-15T09:13:27","modified_gmt":"2022-07-15T07:13:27","slug":"kurbis-red-kuri","status":"publish","type":"product","link":"https:\/\/shop.growcube.sk\/de\/produkt\/kurbis-red-kuri\/","title":{"rendered":"K\u00fcrbis  Red Kuri"},"content":{"rendered":"<p>Hokkaido-K\u00fcrbis. Ovalf\u00f6rmig, breitrunder, oranger Kochk\u00fcrbis mit orangegelbem Fleisch. Feiner nussartiger Geschmack. Schale kann mitgekocht werden. Fruchtgewicht 1,5 bis 2 kg. Reife Fr\u00fcchte im Lager haltbar bis Januar\/Februar bei Ernte September\/Oktober. Ben\u00f6tigt gute D\u00fcngung und weiten Abstand. Paketgewicht 7 g.<\/p>\n","protected":false},"excerpt":{"rendered":"<p>Hokkaido-K\u00fcrbis. Ovalf\u00f6rmig, breitrunder, oranger Kochk\u00fcrbis mit orangegelbem Fleisch. Feiner nussartiger Geschmack. Schale kann mitgekocht werden. Fruchtgewicht 1,5 bis 2 kg. Reife Fr\u00fcchte im Lager haltbar bis Januar\/Februar bei Ernte September\/Oktober. Ben\u00f6tigt gute D\u00fcngung und weiten Abstand.<\/p>\n","protected":false},"featured_media":4209,"template":"","meta":{"inline_featured_image":false},"product_cat":[408],"product_tag":[310],"_links":{"self":[{"href":"https:\/\/shop.growcube.sk\/de\/wp-json\/wp\/v2\/product\/4208"}],"collection":[{"href":"https:\/\/shop.growcube.sk\/de\/wp-json\/wp\/v2\/product"}],"about":[{"href":"https:\/\/shop.growcube.sk\/de\/wp-json\/wp\/v2\/types\/product"}],"version-history":[{"count":1,"href":"https:\/\/shop.growcube.sk\/de\/wp-json\/wp\/v2\/product\/4208\/revisions"}],"predecessor-version":[{"id":4210,"href":"https:\/\/shop.growcube.sk\/de\/wp-json\/wp\/v2\/product\/4208\/revisions\/4210"}],"wp:featuredmedia":[{"embeddable":true,"href":"https:\/\/shop.growcube.sk\/de\/wp-json\/wp\/v2\/media\/4209"}],"wp:attachment":[{"href":"https:\/\/shop.growcube.sk\/de\/wp-json\/wp\/v2\/media?parent=4208"}],"wp:term":[{"taxonomy":"product_cat","embeddable":true,"href":"https:\/\/shop.growcube.sk\/de\/wp-json\/wp\/v2\/product_cat?post=4208"},{"taxonomy":"product_tag","embeddable":true,"href":"https:\/\/shop.growcube.sk\/de\/wp-json\/wp\/v2\/product_tag?post=4208"}],"curies":[{"name":"wp","href":"https:\/\/api.w.org\/{rel}","templated":true}]}}