{"id":4202,"date":"2020-08-14T16:09:04","date_gmt":"2020-08-14T14:09:04","guid":{"rendered":"https:\/\/shop.growcube.sk\/produkt\/kohlrabi-superschmelz\/"},"modified":"2020-08-14T16:09:04","modified_gmt":"2020-08-14T14:09:04","slug":"kohlrabi-superschmelz","status":"publish","type":"product","link":"https:\/\/shop.growcube.sk\/de\/produkt\/kohlrabi-superschmelz\/","title":{"rendered":"Kohlrabi Superschmelz"},"content":{"rendered":"<p>Butterzarter, wei\u00dfer bis hellgr\u00fcner Riesenkohlrabi, der bis 8 kg schwer werden kann und nicht holzig wird. W\u00e4chst langsam und ist schossfest. Aussaat M\u00e4rz; Auspflanzung im Freiland auf ca. 60&#215;60 cm. Bei Aussaat Anfang Juni ca. 1-1,5 kg schwere Knollen. Herbst- und Lagerkohlrabi. <span class=\"Y2IQFc\" lang=\"de\">Paketgewicht 5 g.<\/span><\/p>\n","protected":false},"excerpt":{"rendered":"<p>Butterzarter, wei\u00dfer bis hellgr\u00fcner Riesenkohlrabi, der bis 8 kg schwer werden kann und nicht holzig wird. W\u00e4chst langsam und ist schossfest. Aussaat M\u00e4rz; Auspflanzung im Freiland auf ca. 60&#215;60 cm. Bei Aussaat Anfang Juni ca. 1-1,5 kg schwere Knollen. Herbst- und Lagerkohlrabi.<\/p>\n","protected":false},"featured_media":4203,"template":"","meta":{"inline_featured_image":false},"product_cat":[314,408],"product_tag":[310],"_links":{"self":[{"href":"https:\/\/shop.growcube.sk\/de\/wp-json\/wp\/v2\/product\/4202"}],"collection":[{"href":"https:\/\/shop.growcube.sk\/de\/wp-json\/wp\/v2\/product"}],"about":[{"href":"https:\/\/shop.growcube.sk\/de\/wp-json\/wp\/v2\/types\/product"}],"version-history":[{"count":0,"href":"https:\/\/shop.growcube.sk\/de\/wp-json\/wp\/v2\/product\/4202\/revisions"}],"wp:featuredmedia":[{"embeddable":true,"href":"https:\/\/shop.growcube.sk\/de\/wp-json\/wp\/v2\/media\/4203"}],"wp:attachment":[{"href":"https:\/\/shop.growcube.sk\/de\/wp-json\/wp\/v2\/media?parent=4202"}],"wp:term":[{"taxonomy":"product_cat","embeddable":true,"href":"https:\/\/shop.growcube.sk\/de\/wp-json\/wp\/v2\/product_cat?post=4202"},{"taxonomy":"product_tag","embeddable":true,"href":"https:\/\/shop.growcube.sk\/de\/wp-json\/wp\/v2\/product_tag?post=4202"}],"curies":[{"name":"wp","href":"https:\/\/api.w.org\/{rel}","templated":true}]}}