{"id":4199,"date":"2020-08-14T16:09:04","date_gmt":"2020-08-14T14:09:04","guid":{"rendered":"https:\/\/shop.growcube.sk\/produkt\/kohlrabi-blaro-selektion-reinsaat\/"},"modified":"2020-08-14T16:09:04","modified_gmt":"2020-08-14T14:09:04","slug":"kohlrabi-blaro-selektion-reinsaat","status":"publish","type":"product","link":"https:\/\/shop.growcube.sk\/de\/produkt\/kohlrabi-blaro-selektion-reinsaat\/","title":{"rendered":"Kohlrabi Blaro\/Selektion ReinSaat"},"content":{"rendered":"<p>Treib- und Freilandkohlrabi f\u00fcr fr\u00fchen Freilandanbau und Sommer- bis Herbstanbau. Das Laub ist halb aufrecht, mittelstark, mittellang gestielt. Die zarten Knollen sind mittelgro\u00df, flachrund und von sch\u00f6ner blauvioletter Farbe. Blaro w\u00e4chst schnell, ist frostbest\u00e4ndig und schossfest. <span class=\"Y2IQFc\" lang=\"de\">Paketgewicht 6 g.<\/span><\/p>\n","protected":false},"excerpt":{"rendered":"<p>Treib- und Freilandkohlrabi f\u00fcr fr\u00fchen Freilandanbau und Sommer- bis Herbstanbau. Das Laub ist halb aufrecht, mittelstark, mittellang gestielt. Die zarten Knollen sind mittelgro\u00df, flachrund und von sch\u00f6ner blauvioletter Farbe. Blaro w\u00e4chst schnell, ist frostbest\u00e4ndig und schossfest.<\/p>\n","protected":false},"featured_media":4200,"template":"","meta":{"inline_featured_image":false},"product_cat":[314,408],"product_tag":[310],"_links":{"self":[{"href":"https:\/\/shop.growcube.sk\/de\/wp-json\/wp\/v2\/product\/4199"}],"collection":[{"href":"https:\/\/shop.growcube.sk\/de\/wp-json\/wp\/v2\/product"}],"about":[{"href":"https:\/\/shop.growcube.sk\/de\/wp-json\/wp\/v2\/types\/product"}],"version-history":[{"count":0,"href":"https:\/\/shop.growcube.sk\/de\/wp-json\/wp\/v2\/product\/4199\/revisions"}],"wp:featuredmedia":[{"embeddable":true,"href":"https:\/\/shop.growcube.sk\/de\/wp-json\/wp\/v2\/media\/4200"}],"wp:attachment":[{"href":"https:\/\/shop.growcube.sk\/de\/wp-json\/wp\/v2\/media?parent=4199"}],"wp:term":[{"taxonomy":"product_cat","embeddable":true,"href":"https:\/\/shop.growcube.sk\/de\/wp-json\/wp\/v2\/product_cat?post=4199"},{"taxonomy":"product_tag","embeddable":true,"href":"https:\/\/shop.growcube.sk\/de\/wp-json\/wp\/v2\/product_tag?post=4199"}],"curies":[{"name":"wp","href":"https:\/\/api.w.org\/{rel}","templated":true}]}}