{"id":4195,"date":"2020-08-14T16:09:18","date_gmt":"2020-08-14T14:09:18","guid":{"rendered":"https:\/\/shop.growcube.sk\/produkt\/blattkohl-westlandse-winter\/"},"modified":"2022-07-15T08:47:00","modified_gmt":"2022-07-15T06:47:00","slug":"blattkohl-westlandse-winter","status":"publish","type":"product","link":"https:\/\/shop.growcube.sk\/de\/produkt\/blattkohl-westlandse-winter\/","title":{"rendered":"Blattkohl Westlandse Winter"},"content":{"rendered":"<p>Blattkohl; typisches Wintergem\u00fcse. Kr\u00e4ftige Pflanze mit gewelltem, blau-gr\u00fcnem Blatt. Hoher Ertrag, gute Winterh\u00e4rte, f\u00fcr die Ernte von Oktober bis M\u00e4rz. Gr\u00fcnkohl ist reich an Vitamin C, Karotin und Mineralstoffen. <span class=\"Y2IQFc\" lang=\"de\">Paketgewicht 5 g.<\/span><\/p>\n","protected":false},"excerpt":{"rendered":"<p>Blattkohl; typisches Wintergem\u00fcse. Kr\u00e4ftige Pflanze mit gewelltem, blau-gr\u00fcnem Blatt. Hoher Ertrag, gute Winterh\u00e4rte, f\u00fcr die Ernte von Oktober bis M\u00e4rz. Gr\u00fcnkohl ist reich an Vitamin C, Karotin und Mineralstoffen.<\/p>\n","protected":false},"featured_media":4196,"template":"","meta":{"inline_featured_image":false},"product_cat":[314,408],"product_tag":[310],"_links":{"self":[{"href":"https:\/\/shop.growcube.sk\/de\/wp-json\/wp\/v2\/product\/4195"}],"collection":[{"href":"https:\/\/shop.growcube.sk\/de\/wp-json\/wp\/v2\/product"}],"about":[{"href":"https:\/\/shop.growcube.sk\/de\/wp-json\/wp\/v2\/types\/product"}],"version-history":[{"count":1,"href":"https:\/\/shop.growcube.sk\/de\/wp-json\/wp\/v2\/product\/4195\/revisions"}],"predecessor-version":[{"id":4198,"href":"https:\/\/shop.growcube.sk\/de\/wp-json\/wp\/v2\/product\/4195\/revisions\/4198"}],"wp:featuredmedia":[{"embeddable":true,"href":"https:\/\/shop.growcube.sk\/de\/wp-json\/wp\/v2\/media\/4196"}],"wp:attachment":[{"href":"https:\/\/shop.growcube.sk\/de\/wp-json\/wp\/v2\/media?parent=4195"}],"wp:term":[{"taxonomy":"product_cat","embeddable":true,"href":"https:\/\/shop.growcube.sk\/de\/wp-json\/wp\/v2\/product_cat?post=4195"},{"taxonomy":"product_tag","embeddable":true,"href":"https:\/\/shop.growcube.sk\/de\/wp-json\/wp\/v2\/product_tag?post=4195"}],"curies":[{"name":"wp","href":"https:\/\/api.w.org\/{rel}","templated":true}]}}