{"id":4192,"date":"2020-08-14T16:09:18","date_gmt":"2020-08-14T14:09:18","guid":{"rendered":"https:\/\/shop.growcube.sk\/produkt\/blumenkohl-neckarperle\/"},"modified":"2020-08-14T16:09:18","modified_gmt":"2020-08-14T14:09:18","slug":"blumenkohl-neckarperle","status":"publish","type":"product","link":"https:\/\/shop.growcube.sk\/de\/produkt\/blumenkohl-neckarperle\/","title":{"rendered":"Blumenkohl Neckarperle"},"content":{"rendered":"<p>Bildet hochgew\u00f6lbte, feingenarbte Blumen von wei\u00dfer Farbe mit weitem Erntezeitraum. Das kr\u00e4ftige Laub sch\u00fctzt die junge Blume und erleichtert sp\u00e4ter das Eindecken. F\u00fcr den Ganzjahresanbau. Der Blumenkohl verlangt lockeren, gut ged\u00fcngten Boden und ausreichende Bew\u00e4sserung. <span class=\"Y2IQFc\" lang=\"de\">Paketgewicht 5 g.<\/span><\/p>\n","protected":false},"excerpt":{"rendered":"<p>Bildet hochgew\u00f6lbte, feingenarbte Blumen von wei\u00dfer Farbe mit weitem Erntezeitraum. Das kr\u00e4ftige Laub sch\u00fctzt die junge Blume und erleichtert sp\u00e4ter das Eindecken. F\u00fcr den Ganzjahresanbau. Der Blumenkohl verlangt lockeren, gut ged\u00fcngten Boden und ausreichende Bew\u00e4sserung.<\/p>\n","protected":false},"featured_media":4193,"template":"","meta":{"inline_featured_image":false},"product_cat":[314,408],"product_tag":[310],"_links":{"self":[{"href":"https:\/\/shop.growcube.sk\/de\/wp-json\/wp\/v2\/product\/4192"}],"collection":[{"href":"https:\/\/shop.growcube.sk\/de\/wp-json\/wp\/v2\/product"}],"about":[{"href":"https:\/\/shop.growcube.sk\/de\/wp-json\/wp\/v2\/types\/product"}],"version-history":[{"count":0,"href":"https:\/\/shop.growcube.sk\/de\/wp-json\/wp\/v2\/product\/4192\/revisions"}],"wp:featuredmedia":[{"embeddable":true,"href":"https:\/\/shop.growcube.sk\/de\/wp-json\/wp\/v2\/media\/4193"}],"wp:attachment":[{"href":"https:\/\/shop.growcube.sk\/de\/wp-json\/wp\/v2\/media?parent=4192"}],"wp:term":[{"taxonomy":"product_cat","embeddable":true,"href":"https:\/\/shop.growcube.sk\/de\/wp-json\/wp\/v2\/product_cat?post=4192"},{"taxonomy":"product_tag","embeddable":true,"href":"https:\/\/shop.growcube.sk\/de\/wp-json\/wp\/v2\/product_tag?post=4192"}],"curies":[{"name":"wp","href":"https:\/\/api.w.org\/{rel}","templated":true}]}}