{"id":4182,"date":"2022-01-24T13:28:22","date_gmt":"2022-01-24T12:28:22","guid":{"rendered":"https:\/\/shop.growcube.sk\/produkt\/radies-rudi\/"},"modified":"2022-07-15T08:21:28","modified_gmt":"2022-07-15T06:21:28","slug":"radies-rudi","status":"publish","type":"product","link":"https:\/\/shop.growcube.sk\/de\/produkt\/radies-rudi\/","title":{"rendered":"Radies Rudi"},"content":{"rendered":"<p>Freilandradies bestimmt f\u00fcr direkte Aussaat mit relativ fr\u00fcher Reife und sehr gleichm\u00e4\u00dfiger Entwicklung. Diese Sorte produziert kugelrunde, leuchtend rote Bulben mit feiner Wurzel. Starkw\u00fcchsig. <span class=\"Y2IQFc\" lang=\"de\">Paketgewicht 10 g.<\/span><\/p>\n","protected":false},"excerpt":{"rendered":"<p>Freilandradies bestimmt f\u00fcr direkte Aussaat mit relativ fr\u00fcher Reife und sehr gleichm\u00e4\u00dfiger Entwicklung. Diese Sorte produziert kugelrunde, leuchtend rote Bulben mit feiner Wurzel. Starkw\u00fcchsig. <span class=\"Y2IQFc\" lang=\"de\">Paketgewicht 10 g.<\/span><\/p>\n","protected":false},"featured_media":4183,"template":"","meta":{"inline_featured_image":false},"product_cat":[408,308],"product_tag":[310],"_links":{"self":[{"href":"https:\/\/shop.growcube.sk\/de\/wp-json\/wp\/v2\/product\/4182"}],"collection":[{"href":"https:\/\/shop.growcube.sk\/de\/wp-json\/wp\/v2\/product"}],"about":[{"href":"https:\/\/shop.growcube.sk\/de\/wp-json\/wp\/v2\/types\/product"}],"version-history":[{"count":1,"href":"https:\/\/shop.growcube.sk\/de\/wp-json\/wp\/v2\/product\/4182\/revisions"}],"predecessor-version":[{"id":4185,"href":"https:\/\/shop.growcube.sk\/de\/wp-json\/wp\/v2\/product\/4182\/revisions\/4185"}],"wp:featuredmedia":[{"embeddable":true,"href":"https:\/\/shop.growcube.sk\/de\/wp-json\/wp\/v2\/media\/4183"}],"wp:attachment":[{"href":"https:\/\/shop.growcube.sk\/de\/wp-json\/wp\/v2\/media?parent=4182"}],"wp:term":[{"taxonomy":"product_cat","embeddable":true,"href":"https:\/\/shop.growcube.sk\/de\/wp-json\/wp\/v2\/product_cat?post=4182"},{"taxonomy":"product_tag","embeddable":true,"href":"https:\/\/shop.growcube.sk\/de\/wp-json\/wp\/v2\/product_tag?post=4182"}],"curies":[{"name":"wp","href":"https:\/\/api.w.org\/{rel}","templated":true}]}}